{"id":4756,"date":"2026-04-19T02:27:40","date_gmt":"2026-04-19T02:27:40","guid":{"rendered":"https:\/\/fondationgenese.org\/?page_id=4756"},"modified":"2026-04-19T02:31:48","modified_gmt":"2026-04-19T02:31:48","slug":"gf-finances","status":"publish","type":"page","link":"https:\/\/fondationgenese.org\/fr\/gf-finances\/","title":{"rendered":"GF Finances"},"content":{"rendered":"<div data-elementor-type=\"wp-page\" data-elementor-id=\"4756\" class=\"elementor elementor-4756\">\n\t\t\t\t<div class=\"elementor-element elementor-element-92e5250 e-flex e-con-boxed e-con e-parent\" data-id=\"92e5250\" data-element_type=\"container\" data-e-type=\"container\" data-settings=\"{&quot;background_background&quot;:&quot;classic&quot;}\">\n\t\t\t\t\t<div class=\"e-con-inner\">\n\t\t<div class=\"elementor-element elementor-element-e6160e0 e-con-full e-flex e-con e-child\" data-id=\"e6160e0\" data-element_type=\"container\" data-e-type=\"container\">\n\t\t\t\t<div class=\"elementor-element elementor-element-ad99d15 elementor-widget elementor-widget-heading\" data-id=\"ad99d15\" data-element_type=\"widget\" data-e-type=\"widget\" data-widget_type=\"heading.default\">\n\t\t\t\t<div class=\"elementor-widget-container\">\n\t\t\t\t\t<h5 class=\"elementor-heading-title elementor-size-default\">Quelques mots \u00e0 propos de notre<\/h5>\t\t\t\t<\/div>\n\t\t\t\t<\/div>\n\t\t\t\t<\/div>\n\t\t\t\t\t<\/div>\n\t\t\t\t<\/div>\n\t\t<div class=\"elementor-element elementor-element-25231a8 e-flex e-con-boxed e-con e-parent\" data-id=\"25231a8\" data-element_type=\"container\" data-e-type=\"container\" data-settings=\"{&quot;background_background&quot;:&quot;classic&quot;}\">\n\t\t\t\t\t<div class=\"e-con-inner\">\n\t\t<div class=\"elementor-element elementor-element-a265164 e-con-full e-flex e-con e-child\" data-id=\"a265164\" data-element_type=\"container\" data-e-type=\"container\">\n\t\t\t\t<div class=\"elementor-element elementor-element-699f97d elementor-widget elementor-widget-heading\" data-id=\"699f97d\" data-element_type=\"widget\" data-e-type=\"widget\" data-widget_type=\"heading.default\">\n\t\t\t\t<div class=\"elementor-widget-container\">\n\t\t\t\t\t<h2 class=\"elementor-heading-title elementor-size-default\">Finances<\/h2>\t\t\t\t<\/div>\n\t\t\t\t<\/div>\n\t\t<div class=\"elementor-element elementor-element-731f577 e-con-full e-flex e-con e-child\" data-id=\"731f577\" data-element_type=\"container\" data-e-type=\"container\">\n\t\t\t\t<div class=\"elementor-element elementor-element-c9ad093 elementor-widget elementor-widget-heading\" data-id=\"c9ad093\" data-element_type=\"widget\" data-e-type=\"widget\" data-widget_type=\"heading.default\">\n\t\t\t\t<div class=\"elementor-widget-container\">\n\t\t\t\t\t<h5 class=\"elementor-heading-title elementor-size-default\">GF m\u00e8ne et d\u00e9veloppe plusieurs types d\u2019activit\u00e9s, notamment\u202f:<\/h5>\t\t\t\t<\/div>\n\t\t\t\t<\/div>\n\t\t\t\t<\/div>\n\t\t<div class=\"elementor-element elementor-element-e8cdcc5 e-con-full e-flex e-con e-child\" data-id=\"e8cdcc5\" data-element_type=\"container\" data-e-type=\"container\">\n\t\t<div class=\"elementor-element elementor-element-83e0b78 e-con-full e-flex e-con e-child\" data-id=\"83e0b78\" data-element_type=\"container\" data-e-type=\"container\">\n\t\t\t\t<div class=\"elementor-element elementor-element-3811c9c elementor-widget elementor-widget-text-editor\" data-id=\"3811c9c\" data-element_type=\"widget\" data-e-type=\"widget\" data-widget_type=\"text-editor.default\">\n\t\t\t\t<div class=\"elementor-widget-container\">\n\t\t\t\t\t\t\t\t\t<ul data-start=\"167\" data-end=\"846\"><li data-section-id=\"1bqn8v5\" data-start=\"167\" data-end=\"327\">Temps de pri\u00e8re, partages bibliques, exhortations et actions d\u2019\u00e9vang\u00e9lisation, men\u00e9s en pr\u00e9sentiel, en ligne, sur les m\u00e9dias sociaux et par tout autre canal de communication appropri\u00e9.<\/li><li data-section-id=\"10j2gya\" data-start=\"328\" data-end=\"490\">Distribution de ressources spirituelles \u2014 livres, affiches, contenus audiovisuels, articles de presse et autres formats accessibles et adapt\u00e9s.<\/li><li data-section-id=\"1ke1wq6\" data-start=\"491\" data-end=\"620\">\u00c9v\u00e9nements publics tels que des sessions de formation, des s\u00e9minaires, des conf\u00e9rences, des retraites, des productions musicales, l\u2019organisation de concerts, et autres.<\/li><li data-section-id=\"fz8cn1\" data-start=\"621\" data-end=\"682\">Conf\u00e9rences, t\u00e9moignages et temps de partage informels.<\/li><li data-section-id=\"kdp1bd\" data-start=\"683\" data-end=\"811\">Activit\u00e9s de soutien social (distribution de divers biens donn\u00e9s par les membres et les supporters) et assistance aux personnes dans le besoin.<\/li><li data-section-id=\"lfpz0o\" data-start=\"812\" data-end=\"846\">Activit\u00e9s d\u2019int\u00e9gration sociale.<\/li><\/ul><p data-start=\"848\" data-end=\"1024\">Les activit\u00e9s de GF s\u2019adressent \u00e0 des personnes de tous \u00e2ges. Dans la mise en \u0153uvre des activit\u00e9s visant \u00e0 accomplir sa mission, GF applique le principe de la gratuit\u00e9 totale, conform\u00e9ment \u00e0 la Bible\u202f:<\/p><p data-start=\"1026\" data-end=\"1152\"><strong data-start=\"1026\" data-end=\"1042\">Mathieu 10:8<\/strong>: \"Gu\u00e9rissez les malades, ressuscitez les morts, purifiez les l\u00e9preux, chassez les d\u00e9mons. Vous avez re\u00e7u gratuitement, donnez gratuitement.\"<\/p>\t\t\t\t\t\t\t\t<\/div>\n\t\t\t\t<\/div>\n\t\t\t\t<\/div>\n\t\t<div class=\"elementor-element elementor-element-4b1f999 e-con-full e-flex e-con e-child\" data-id=\"4b1f999\" data-element_type=\"container\" data-e-type=\"container\">\n\t\t\t\t<div class=\"elementor-element elementor-element-706fd07 elementor-widget elementor-widget-text-editor\" data-id=\"706fd07\" data-element_type=\"widget\" data-e-type=\"widget\" data-widget_type=\"text-editor.default\">\n\t\t\t\t<div class=\"elementor-widget-container\">\n\t\t\t\t\t\t\t\t\t<p data-start=\"1154\" data-end=\"1233\">Par cons\u00e9quent, l\u2019ensemble des ressources spirituelles produites par GF est gratuitement mis \u00e0 votre disposition.<\/p><p data-start=\"1235\" data-end=\"1781\">Pour financer ses activit\u00e9s, GF s\u2019appuie sur les dons en nature, c\u2019est\u2011\u00e0\u2011dire divers biens re\u00e7us de personnes, qui sont ensuite revendus lorsque cela est possible, ainsi que sur la vente d\u2019articles promotionnels. En revanche, GF ne re\u00e7oit aucun don en argent. Les membres de GF ne croient pas en la n\u00e9cessit\u00e9 de payer la d\u00eeme ni de faire des offrandes financi\u00e8res \u00e0 Dieu. Nous croyons que chaque enfant de Dieu est automatiquement b\u00e9ni, ind\u00e9pendamment de ses \u0153uvres. Nous croyons \u00e9galement que la d\u00eeme et les offrandes \u00e0 Dieu rel\u00e8vent du pass\u00e9 et n\u2019ont jamais concern\u00e9 les enfants de Dieu.<\/p><p data-start=\"1783\" data-end=\"1903\">Pour soutenir financi\u00e8rement GF et contribuer \u00e0 couvrir les co\u00fbts n\u00e9cessaires \u00e0 la r\u00e9alisation de ses activit\u00e9s, voici les options disponibles\u202f:<\/p><ul data-start=\"1905\" data-end=\"2101\"><li data-section-id=\"z9sl31\" data-start=\"1905\" data-end=\"2027\">Acheter un article dans la boutique de GF. GF vend des articles du quotidien qui n\u2019ont aucun lien ni aucun impact sur les activit\u00e9s spirituelles.<\/li><li data-section-id=\"gmz9nk\" data-start=\"2028\" data-end=\"2101\">Faire don d\u2019un article neuf ou usag\u00e9 \u00e0 GF en le d\u00e9posant dans l\u2019un de nos bureaux.<\/li><\/ul><hr data-start=\"2103\" data-end=\"2106\" \/><p data-start=\"2108\" data-end=\"2238\" data-is-last-node=\"\" data-is-only-node=\"\">\u00a0<\/p>\t\t\t\t\t\t\t\t<\/div>\n\t\t\t\t<\/div>\n\t\t\t\t<\/div>\n\t\t\t\t<\/div>\n\t\t\t\t<\/div>\n\t\t\t\t\t<\/div>\n\t\t\t\t<\/div>\n\t\t<div class=\"elementor-element elementor-element-830fd40 e-flex e-con-boxed e-con e-parent\" data-id=\"830fd40\" data-element_type=\"container\" data-e-type=\"container\">\n\t\t\t\t\t<div class=\"e-con-inner\">\n\t\t<div class=\"elementor-element elementor-element-c27a57c e-con-full e-flex e-con e-child\" data-id=\"c27a57c\" data-element_type=\"container\" data-e-type=\"container\">\n\t\t\t\t<div class=\"elementor-element elementor-element-58eb583 gallery-spacing-custom elementor-widget elementor-widget-image-gallery\" data-id=\"58eb583\" data-element_type=\"widget\" data-e-type=\"widget\" data-widget_type=\"image-gallery.default\">\n\t\t\t\t<div class=\"elementor-widget-container\">\n\t\t\t\t\t\t\t<div class=\"elementor-image-gallery\">\n\t\t\t<div id='gallery-1' class='gallery galleryid-4756 gallery-columns-3 gallery-size-full'><figure class='gallery-item'>\n\t\t\t<div class='gallery-icon landscape'>\n\t\t\t\t<a data-elementor-open-lightbox=\"yes\" data-elementor-lightbox-slideshow=\"58eb583\" data-elementor-lightbox-title=\"Notre conviction 7\" data-e-action-hash=\"#elementor-action%3Aaction%3Dlightbox%26settings%3DeyJpZCI6MzY5NCwidXJsIjoiaHR0cHM6XC9cL2ZvbmRhdGlvbmdlbmVzZS5vcmdcL3dwLWNvbnRlbnRcL3VwbG9hZHNcLzIwMjRcLzAyXC9Ob3RyZS1jb252aWN0aW9uLTcuanBnIiwic2xpZGVzaG93IjoiNThlYjU4MyJ9\" href='https:\/\/fondationgenese.org\/wp-content\/uploads\/2024\/02\/Notre-conviction-7.jpg'><img fetchpriority=\"high\" decoding=\"async\" width=\"1080\" height=\"1080\" src=\"https:\/\/fondationgenese.org\/wp-content\/uploads\/2024\/02\/Notre-conviction-7.jpg\" class=\"attachment-full size-full\" alt=\"Notre Conviction 7\" srcset=\"https:\/\/fondationgenese.org\/wp-content\/uploads\/2024\/02\/Notre-conviction-7.jpg 1080w, https:\/\/fondationgenese.org\/wp-content\/uploads\/2024\/02\/Notre-conviction-7-300x300.jpg 300w, https:\/\/fondationgenese.org\/wp-content\/uploads\/2024\/02\/Notre-conviction-7-1024x1024.jpg 1024w, https:\/\/fondationgenese.org\/wp-content\/uploads\/2024\/02\/Notre-conviction-7-150x150.jpg 150w, https:\/\/fondationgenese.org\/wp-content\/uploads\/2024\/02\/Notre-conviction-7-768x768.jpg 768w, https:\/\/fondationgenese.org\/wp-content\/uploads\/2024\/02\/Notre-conviction-7-370x370.jpg 370w, https:\/\/fondationgenese.org\/wp-content\/uploads\/2024\/02\/Notre-conviction-7-90x90.jpg 90w, https:\/\/fondationgenese.org\/wp-content\/uploads\/2024\/02\/Notre-conviction-7-760x760.jpg 760w\" sizes=\"(max-width: 1080px) 100vw, 1080px\" title=\"GF Finances\"><\/a>\n\t\t\t<\/div><\/figure><figure class='gallery-item'>\n\t\t\t<div class='gallery-icon landscape'>\n\t\t\t\t<a data-elementor-open-lightbox=\"yes\" data-elementor-lightbox-slideshow=\"58eb583\" data-elementor-lightbox-title=\"512X512px\" data-e-action-hash=\"#elementor-action%3Aaction%3Dlightbox%26settings%3DeyJpZCI6MzI2MiwidXJsIjoiaHR0cHM6XC9cL2ZvbmRhdGlvbmdlbmVzZS5vcmdcL3dwLWNvbnRlbnRcL3VwbG9hZHNcLzIwMjNcLzExXC81MTJYNTEycHgucG5nIiwic2xpZGVzaG93IjoiNThlYjU4MyJ9\" href='https:\/\/fondationgenese.org\/wp-content\/uploads\/2023\/11\/512X512px.png'><img decoding=\"async\" width=\"512\" height=\"512\" src=\"https:\/\/fondationgenese.org\/wp-content\/uploads\/2023\/11\/512X512px.png\" class=\"attachment-full size-full\" alt=\"512X512px\" srcset=\"https:\/\/fondationgenese.org\/wp-content\/uploads\/2023\/11\/512X512px.png 512w, https:\/\/fondationgenese.org\/wp-content\/uploads\/2023\/11\/512X512px-300x300.png 300w, https:\/\/fondationgenese.org\/wp-content\/uploads\/2023\/11\/512X512px-150x150.png 150w, https:\/\/fondationgenese.org\/wp-content\/uploads\/2023\/11\/512X512px-370x370.png 370w, https:\/\/fondationgenese.org\/wp-content\/uploads\/2023\/11\/512X512px-90x90.png 90w\" sizes=\"(max-width: 512px) 100vw, 512px\" title=\"GF Finances\"><\/a>\n\t\t\t<\/div><\/figure><figure class='gallery-item'>\n\t\t\t<div class='gallery-icon landscape'>\n\t\t\t\t<a data-elementor-open-lightbox=\"yes\" data-elementor-lightbox-slideshow=\"58eb583\" data-elementor-lightbox-title=\"Notre conviction 4\" data-e-action-hash=\"#elementor-action%3Aaction%3Dlightbox%26settings%3DeyJpZCI6MzczMiwidXJsIjoiaHR0cHM6XC9cL2ZvbmRhdGlvbmdlbmVzZS5vcmdcL3dwLWNvbnRlbnRcL3VwbG9hZHNcLzIwMjRcLzAzXC9Ob3RyZS1jb252aWN0aW9uLTQuanBnIiwic2xpZGVzaG93IjoiNThlYjU4MyJ9\" href='https:\/\/fondationgenese.org\/wp-content\/uploads\/2024\/03\/Notre-conviction-4.jpg'><img decoding=\"async\" width=\"1080\" height=\"1080\" src=\"https:\/\/fondationgenese.org\/wp-content\/uploads\/2024\/03\/Notre-conviction-4.jpg\" class=\"attachment-full size-full\" alt=\"Notre Conviction 4\" srcset=\"https:\/\/fondationgenese.org\/wp-content\/uploads\/2024\/03\/Notre-conviction-4.jpg 1080w, https:\/\/fondationgenese.org\/wp-content\/uploads\/2024\/03\/Notre-conviction-4-300x300.jpg 300w, https:\/\/fondationgenese.org\/wp-content\/uploads\/2024\/03\/Notre-conviction-4-1024x1024.jpg 1024w, https:\/\/fondationgenese.org\/wp-content\/uploads\/2024\/03\/Notre-conviction-4-150x150.jpg 150w, https:\/\/fondationgenese.org\/wp-content\/uploads\/2024\/03\/Notre-conviction-4-768x768.jpg 768w, https:\/\/fondationgenese.org\/wp-content\/uploads\/2024\/03\/Notre-conviction-4-370x370.jpg 370w, https:\/\/fondationgenese.org\/wp-content\/uploads\/2024\/03\/Notre-conviction-4-90x90.jpg 90w, https:\/\/fondationgenese.org\/wp-content\/uploads\/2024\/03\/Notre-conviction-4-760x760.jpg 760w\" sizes=\"(max-width: 1080px) 100vw, 1080px\" title=\"GF Finances\"><\/a>\n\t\t\t<\/div><\/figure>\n\t\t<\/div>\n\t\t<\/div>\n\t\t\t\t\t\t<\/div>\n\t\t\t\t<\/div>\n\t\t\t\t<\/div>\n\t\t\t\t\t<\/div>\n\t\t\t\t<\/div>\n\t\t\t\t<\/div>","protected":false},"excerpt":{"rendered":"<p>Few words about our FINANCES GF is involved in and initiates several activities, such as: Prayer sessions, Bible sharing, exhortation, and evangelism held in person, online, on social media, and [&hellip;]<\/p>\n","protected":false},"author":1,"featured_media":0,"parent":0,"menu_order":0,"comment_status":"closed","ping_status":"closed","template":"","meta":{"site-sidebar-layout":"no-sidebar","site-content-layout":"page-builder","ast-site-content-layout":"full-width-container","site-content-style":"unboxed","site-sidebar-style":"unboxed","ast-global-header-display":"","ast-banner-title-visibility":"","ast-main-header-display":"","ast-hfb-above-header-display":"","ast-hfb-below-header-display":"","ast-hfb-mobile-header-display":"","site-post-title":"disabled","ast-breadcrumbs-content":"disabled","ast-featured-img":"disabled","footer-sml-layout":"","ast-disable-related-posts":"","theme-transparent-header-meta":"enabled","adv-header-id-meta":"","stick-header-meta":"","header-above-stick-meta":"","header-main-stick-meta":"","header-below-stick-meta":"","astra-migrate-meta-layouts":"set","ast-page-background-enabled":"default","ast-page-background-meta":{"desktop":{"background-color":"","background-image":"","background-repeat":"repeat","background-position":"center center","background-size":"auto","background-attachment":"scroll","background-type":"","background-media":"","overlay-type":"","overlay-color":"","overlay-opacity":"","overlay-gradient":""},"tablet":{"background-color":"","background-image":"","background-repeat":"repeat","background-position":"center center","background-size":"auto","background-attachment":"scroll","background-type":"","background-media":"","overlay-type":"","overlay-color":"","overlay-opacity":"","overlay-gradient":""},"mobile":{"background-color":"","background-image":"","background-repeat":"repeat","background-position":"center center","background-size":"auto","background-attachment":"scroll","background-type":"","background-media":"","overlay-type":"","overlay-color":"","overlay-opacity":"","overlay-gradient":""}},"ast-content-background-meta":{"desktop":{"background-color":"var(--ast-global-color-5)","background-image":"","background-repeat":"repeat","background-position":"center center","background-size":"auto","background-attachment":"scroll","background-type":"","background-media":"","overlay-type":"","overlay-color":"","overlay-opacity":"","overlay-gradient":""},"tablet":{"background-color":"var(--ast-global-color-5)","background-image":"","background-repeat":"repeat","background-position":"center center","background-size":"auto","background-attachment":"scroll","background-type":"","background-media":"","overlay-type":"","overlay-color":"","overlay-opacity":"","overlay-gradient":""},"mobile":{"background-color":"var(--ast-global-color-5)","background-image":"","background-repeat":"repeat","background-position":"center center","background-size":"auto","background-attachment":"scroll","background-type":"","background-media":"","overlay-type":"","overlay-color":"","overlay-opacity":"","overlay-gradient":""}},"footnotes":""},"class_list":["post-4756","page","type-page","status-publish","hentry"],"_links":{"self":[{"href":"https:\/\/fondationgenese.org\/fr\/wp-json\/wp\/v2\/pages\/4756","targetHints":{"allow":["GET"]}}],"collection":[{"href":"https:\/\/fondationgenese.org\/fr\/wp-json\/wp\/v2\/pages"}],"about":[{"href":"https:\/\/fondationgenese.org\/fr\/wp-json\/wp\/v2\/types\/page"}],"author":[{"embeddable":true,"href":"https:\/\/fondationgenese.org\/fr\/wp-json\/wp\/v2\/users\/1"}],"replies":[{"embeddable":true,"href":"https:\/\/fondationgenese.org\/fr\/wp-json\/wp\/v2\/comments?post=4756"}],"version-history":[{"count":10,"href":"https:\/\/fondationgenese.org\/fr\/wp-json\/wp\/v2\/pages\/4756\/revisions"}],"predecessor-version":[{"id":4766,"href":"https:\/\/fondationgenese.org\/fr\/wp-json\/wp\/v2\/pages\/4756\/revisions\/4766"}],"wp:attachment":[{"href":"https:\/\/fondationgenese.org\/fr\/wp-json\/wp\/v2\/media?parent=4756"}],"curies":[{"name":"wp","href":"https:\/\/api.w.org\/{rel}","templated":true}]}}