{"id":4671,"date":"2026-04-17T01:14:39","date_gmt":"2026-04-17T01:14:39","guid":{"rendered":"https:\/\/fondationgenese.org\/?page_id=4671"},"modified":"2026-04-19T02:05:52","modified_gmt":"2026-04-19T02:05:52","slug":"vision","status":"publish","type":"page","link":"https:\/\/fondationgenese.org\/fr\/vision\/","title":{"rendered":"Vision"},"content":{"rendered":"<div data-elementor-type=\"wp-page\" data-elementor-id=\"4671\" class=\"elementor elementor-4671\">\n\t\t\t\t<div class=\"elementor-element elementor-element-110a309 e-flex e-con-boxed e-con e-parent\" data-id=\"110a309\" data-element_type=\"container\" data-e-type=\"container\" data-settings=\"{&quot;background_background&quot;:&quot;classic&quot;}\">\n\t\t\t\t\t<div class=\"e-con-inner\">\n\t\t<div class=\"elementor-element elementor-element-3245abd e-con-full e-flex e-con e-child\" data-id=\"3245abd\" data-element_type=\"container\" data-e-type=\"container\">\n\t\t\t\t<div class=\"elementor-element elementor-element-90356ce elementor-widget elementor-widget-heading\" data-id=\"90356ce\" data-element_type=\"widget\" data-e-type=\"widget\" data-widget_type=\"heading.default\">\n\t\t\t\t<div class=\"elementor-widget-container\">\n\t\t\t\t\t<h5 class=\"elementor-heading-title elementor-size-default\">Quelques mots \u00e0 propos de notre<\/h5>\t\t\t\t<\/div>\n\t\t\t\t<\/div>\n\t\t\t\t<\/div>\n\t\t\t\t\t<\/div>\n\t\t\t\t<\/div>\n\t\t<div class=\"elementor-element elementor-element-8f15d91 e-flex e-con-boxed e-con e-parent\" data-id=\"8f15d91\" data-element_type=\"container\" data-e-type=\"container\" data-settings=\"{&quot;background_background&quot;:&quot;classic&quot;}\">\n\t\t\t\t\t<div class=\"e-con-inner\">\n\t\t<div class=\"elementor-element elementor-element-8926597 e-con-full e-flex e-con e-child\" data-id=\"8926597\" data-element_type=\"container\" data-e-type=\"container\">\n\t\t\t\t<div class=\"elementor-element elementor-element-44f7928 elementor-widget elementor-widget-heading\" data-id=\"44f7928\" data-element_type=\"widget\" data-e-type=\"widget\" data-widget_type=\"heading.default\">\n\t\t\t\t<div class=\"elementor-widget-container\">\n\t\t\t\t\t<h2 class=\"elementor-heading-title elementor-size-default\">Vision<\/h2>\t\t\t\t<\/div>\n\t\t\t\t<\/div>\n\t\t\t\t<div class=\"elementor-element elementor-element-8db9673 elementor-widget elementor-widget-heading\" data-id=\"8db9673\" data-element_type=\"widget\" data-e-type=\"widget\" data-widget_type=\"heading.default\">\n\t\t\t\t<div class=\"elementor-widget-container\">\n\t\t\t\t\t<h5 class=\"elementor-heading-title elementor-size-default\">Notre vision est de former une g\u00e9n\u00e9ration forte et transform\u00e9e, profond\u00e9ment enracin\u00e9e dans la v\u00e9rit\u00e9 de J\u00e9sus\u2011Christ et rendue capable de la vivre au quotidien.<\/h5>\t\t\t\t<\/div>\n\t\t\t\t<\/div>\n\t\t\t\t<div class=\"elementor-element elementor-element-0f6b9c6 elementor-widget elementor-widget-heading\" data-id=\"0f6b9c6\" data-element_type=\"widget\" data-e-type=\"widget\" data-widget_type=\"heading.default\">\n\t\t\t\t<div class=\"elementor-widget-container\">\n\t\t\t\t\t<h5 class=\"elementor-heading-title elementor-size-default\">We are committed to a mission of both transformation and renewal. \n\nWe work to:<\/h5>\t\t\t\t<\/div>\n\t\t\t\t<\/div>\n\t\t\t\t<\/div>\n\t\t\t\t\t<\/div>\n\t\t\t\t<\/div>\n\t\t<div class=\"elementor-element elementor-element-1c4ead2 e-flex e-con-boxed e-con e-parent\" data-id=\"1c4ead2\" data-element_type=\"container\" data-e-type=\"container\" data-settings=\"{&quot;background_background&quot;:&quot;classic&quot;}\">\n\t\t\t\t\t<div class=\"e-con-inner\">\n\t\t<div class=\"elementor-element elementor-element-d86f125 e-con-full e-flex e-con e-child\" data-id=\"d86f125\" data-element_type=\"container\" data-e-type=\"container\">\n\t\t<div class=\"elementor-element elementor-element-f8a8970 e-flex e-con-boxed e-con e-child\" data-id=\"f8a8970\" data-element_type=\"container\" data-e-type=\"container\">\n\t\t\t\t\t<div class=\"e-con-inner\">\n\t\t<div class=\"elementor-element elementor-element-5148bdc e-con-full e-flex e-con e-child\" data-id=\"5148bdc\" data-element_type=\"container\" data-e-type=\"container\">\n\t\t\t\t<div class=\"elementor-element elementor-element-911f687 elementor-widget elementor-widget-image\" data-id=\"911f687\" data-element_type=\"widget\" data-e-type=\"widget\" data-widget_type=\"image.default\">\n\t\t\t\t<div class=\"elementor-widget-container\">\n\t\t\t\t\t\t\t\t\t\t\t\t\t\t\t<img fetchpriority=\"high\" decoding=\"async\" width=\"512\" height=\"449\" src=\"https:\/\/fondationgenese.org\/wp-content\/uploads\/2023\/11\/cropped-cropped-cropped-Logo-exported-512X512px-1-60x53.png\" class=\"attachment-full size-full wp-image-4141\" alt=\"cropped cropped cropped logo exported 512x512px 1.png\" srcset=\"https:\/\/fondationgenese.org\/wp-content\/uploads\/2023\/11\/cropped-cropped-cropped-Logo-exported-512X512px-1.png 1x, https:\/\/fondationgenese.org\/wp-content\/uploads\/2023\/11\/cropped-cropped-cropped-Logo-exported-512X512px-1.png 2x\" sizes=\"(max-width: 512px) 100vw, 512px\" title=\"Vision\">\t\t\t\t\t\t\t\t\t\t\t\t\t\t\t<\/div>\n\t\t\t\t<\/div>\n\t\t\t\t<\/div>\n\t\t<div class=\"elementor-element elementor-element-f4c0cc6 e-con-full e-flex e-con e-child\" data-id=\"f4c0cc6\" data-element_type=\"container\" data-e-type=\"container\">\n\t\t\t\t<div class=\"elementor-element elementor-element-e93f722 elementor-widget elementor-widget-heading\" data-id=\"e93f722\" data-element_type=\"widget\" data-e-type=\"widget\" data-widget_type=\"heading.default\">\n\t\t\t\t<div class=\"elementor-widget-container\">\n\t\t\t\t\t<h4 class=\"elementor-heading-title elementor-size-default\">Arracher et abattre<\/h4>\t\t\t\t<\/div>\n\t\t\t\t<\/div>\n\t\t\t\t<div class=\"elementor-element elementor-element-c9d24ef elementor-widget-divider--view-line elementor-widget elementor-widget-divider\" data-id=\"c9d24ef\" data-element_type=\"widget\" data-e-type=\"widget\" data-widget_type=\"divider.default\">\n\t\t\t\t<div class=\"elementor-widget-container\">\n\t\t\t\t\t\t\t<div class=\"elementor-divider\">\n\t\t\t<span class=\"elementor-divider-separator\">\n\t\t\t\t\t\t<\/span>\n\t\t<\/div>\n\t\t\t\t\t\t<\/div>\n\t\t\t\t<\/div>\n\t\t\t\t<div class=\"elementor-element elementor-element-cbd780d elementor-widget elementor-widget-heading\" data-id=\"cbd780d\" data-element_type=\"widget\" data-e-type=\"widget\" data-widget_type=\"heading.default\">\n\t\t\t\t<div class=\"elementor-widget-container\">\n\t\t\t\t\t<h4 class=\"elementor-heading-title elementor-size-default\">Restaurer la v\u00e9rit\u00e9<\/h4>\t\t\t\t<\/div>\n\t\t\t\t<\/div>\n\t\t\t\t<div class=\"elementor-element elementor-element-1bc60d1 elementor-widget-divider--view-line elementor-widget elementor-widget-divider\" data-id=\"1bc60d1\" data-element_type=\"widget\" data-e-type=\"widget\" data-widget_type=\"divider.default\">\n\t\t\t\t<div class=\"elementor-widget-container\">\n\t\t\t\t\t\t\t<div class=\"elementor-divider\">\n\t\t\t<span class=\"elementor-divider-separator\">\n\t\t\t\t\t\t<\/span>\n\t\t<\/div>\n\t\t\t\t\t\t<\/div>\n\t\t\t\t<\/div>\n\t\t\t\t<div class=\"elementor-element elementor-element-2be0935 elementor-widget elementor-widget-heading\" data-id=\"2be0935\" data-element_type=\"widget\" data-e-type=\"widget\" data-widget_type=\"heading.default\">\n\t\t\t\t<div class=\"elementor-widget-container\">\n\t\t\t\t\t<h4 class=\"elementor-heading-title elementor-size-default\">B\u00e2tir et planter<\/h4>\t\t\t\t<\/div>\n\t\t\t\t<\/div>\n\t\t\t\t<div class=\"elementor-element elementor-element-0e0718e elementor-widget-divider--view-line elementor-widget elementor-widget-divider\" data-id=\"0e0718e\" data-element_type=\"widget\" data-e-type=\"widget\" data-widget_type=\"divider.default\">\n\t\t\t\t<div class=\"elementor-widget-container\">\n\t\t\t\t\t\t\t<div class=\"elementor-divider\">\n\t\t\t<span class=\"elementor-divider-separator\">\n\t\t\t\t\t\t<\/span>\n\t\t<\/div>\n\t\t\t\t\t\t<\/div>\n\t\t\t\t<\/div>\n\t\t\t\t<\/div>\n\t\t<div class=\"elementor-element elementor-element-b3dbb47 e-con-full e-flex e-con e-child\" data-id=\"b3dbb47\" data-element_type=\"container\" data-e-type=\"container\">\n\t\t\t\t<div class=\"elementor-element elementor-element-74ae7e1 elementor-widget elementor-widget-text-editor\" data-id=\"74ae7e1\" data-element_type=\"widget\" data-e-type=\"widget\" data-widget_type=\"text-editor.default\">\n\t\t\t\t<div class=\"elementor-widget-container\">\n\t\t\t\t\t\t\t\t\t<p>les fausses croyances, des syst\u00e8mes et des id\u00e9ologies qui ne sont pas align\u00e9s avec la v\u00e9rit\u00e9 de J\u00e9sus\u2011Christ.<\/p>\t\t\t\t\t\t\t\t<\/div>\n\t\t\t\t<\/div>\n\t\t\t\t<div class=\"elementor-element elementor-element-a5e398f elementor-widget-divider--view-line elementor-widget elementor-widget-divider\" data-id=\"a5e398f\" data-element_type=\"widget\" data-e-type=\"widget\" data-widget_type=\"divider.default\">\n\t\t\t\t<div class=\"elementor-widget-container\">\n\t\t\t\t\t\t\t<div class=\"elementor-divider\">\n\t\t\t<span class=\"elementor-divider-separator\">\n\t\t\t\t\t\t<\/span>\n\t\t<\/div>\n\t\t\t\t\t\t<\/div>\n\t\t\t\t<\/div>\n\t\t\t\t<div class=\"elementor-element elementor-element-9924e4a elementor-widget elementor-widget-text-editor\" data-id=\"9924e4a\" data-element_type=\"widget\" data-e-type=\"widget\" data-widget_type=\"text-editor.default\">\n\t\t\t\t<div class=\"elementor-widget-container\">\n\t\t\t\t\t\t\t\t\t<p>en corrigeant les id\u00e9es et th\u00e9ories fausses qui freinent la croissance spirituelle et emp\u00eachent les individus de vivre pleinement et d\u2019exceller en Christ.<\/p>\t\t\t\t\t\t\t\t<\/div>\n\t\t\t\t<\/div>\n\t\t\t\t<div class=\"elementor-element elementor-element-6942509 elementor-widget-divider--view-line elementor-widget elementor-widget-divider\" data-id=\"6942509\" data-element_type=\"widget\" data-e-type=\"widget\" data-widget_type=\"divider.default\">\n\t\t\t\t<div class=\"elementor-widget-container\">\n\t\t\t\t\t\t\t<div class=\"elementor-divider\">\n\t\t\t<span class=\"elementor-divider-separator\">\n\t\t\t\t\t\t<\/span>\n\t\t<\/div>\n\t\t\t\t\t\t<\/div>\n\t\t\t\t<\/div>\n\t\t\t\t<div class=\"elementor-element elementor-element-18e6be1 elementor-widget elementor-widget-text-editor\" data-id=\"18e6be1\" data-element_type=\"widget\" data-e-type=\"widget\" data-widget_type=\"text-editor.default\">\n\t\t\t\t<div class=\"elementor-widget-container\">\n\t\t\t\t\t\t\t\t\t<div>le fondement d\u2019une nouvelle g\u00e9n\u00e9ration solidement enracin\u00e9e dans la v\u00e9rit\u00e9, l\u2019amour et une foi authentique en J\u00e9sus\u2011Christ.<\/div>\t\t\t\t\t\t\t\t<\/div>\n\t\t\t\t<\/div>\n\t\t\t\t<div class=\"elementor-element elementor-element-172b939 elementor-widget-divider--view-line elementor-widget elementor-widget-divider\" data-id=\"172b939\" data-element_type=\"widget\" data-e-type=\"widget\" data-widget_type=\"divider.default\">\n\t\t\t\t<div class=\"elementor-widget-container\">\n\t\t\t\t\t\t\t<div class=\"elementor-divider\">\n\t\t\t<span class=\"elementor-divider-separator\">\n\t\t\t\t\t\t<\/span>\n\t\t<\/div>\n\t\t\t\t\t\t<\/div>\n\t\t\t\t<\/div>\n\t\t\t\t<\/div>\n\t\t\t\t\t<\/div>\n\t\t\t\t<\/div>\n\t\t\t\t<\/div>\n\t\t\t\t\t<\/div>\n\t\t\t\t<\/div>\n\t\t<div class=\"elementor-element elementor-element-bee2bd7 e-flex e-con-boxed e-con e-parent\" data-id=\"bee2bd7\" data-element_type=\"container\" data-e-type=\"container\">\n\t\t\t\t\t<div class=\"e-con-inner\">\n\t\t<div class=\"elementor-element elementor-element-47df705 e-con-full e-flex e-con e-child\" data-id=\"47df705\" data-element_type=\"container\" data-e-type=\"container\">\n\t\t\t\t<\/div>\n\t\t<div class=\"elementor-element elementor-element-260cf9c e-con-full e-flex e-con e-child\" data-id=\"260cf9c\" data-element_type=\"container\" data-e-type=\"container\">\n\t\t\t\t<div class=\"elementor-element elementor-element-b1a99d4 elementor-widget elementor-widget-heading\" data-id=\"b1a99d4\" data-element_type=\"widget\" data-e-type=\"widget\" data-widget_type=\"heading.default\">\n\t\t\t\t<div class=\"elementor-widget-container\">\n\t\t\t\t\t<h6 class=\"elementor-heading-title elementor-size-default\">Nous oeuvrons pour que les personnes soient lib\u00e9r\u00e9es de la confusion spirituelle et vivent pleinement dans la libert\u00e9, guid\u00e9es par la v\u00e9rit\u00e9 et anim\u00e9es par l\u2019amour.<\/h6>\t\t\t\t<\/div>\n\t\t\t\t<\/div>\n\t\t\t\t<\/div>\n\t\t<div class=\"elementor-element elementor-element-9c03682 e-con-full e-flex e-con e-child\" data-id=\"9c03682\" data-element_type=\"container\" data-e-type=\"container\">\n\t\t\t\t<\/div>\n\t\t\t\t\t<\/div>\n\t\t\t\t<\/div>\n\t\t\t\t<\/div>","protected":false},"excerpt":{"rendered":"<p>Few words about our Vision Our vision is to raise a strong and transformed generation that is deeply rooted in the truth of Jesus Christ and empowered to live it [&hellip;]<\/p>\n","protected":false},"author":1,"featured_media":0,"parent":0,"menu_order":0,"comment_status":"closed","ping_status":"closed","template":"","meta":{"site-sidebar-layout":"no-sidebar","site-content-layout":"page-builder","ast-site-content-layout":"default","site-content-style":"default","site-sidebar-style":"default","ast-global-header-display":"","ast-banner-title-visibility":"","ast-main-header-display":"","ast-hfb-above-header-display":"","ast-hfb-below-header-display":"","ast-hfb-mobile-header-display":"","site-post-title":"disabled","ast-breadcrumbs-content":"disabled","ast-featured-img":"disabled","footer-sml-layout":"","ast-disable-related-posts":"","theme-transparent-header-meta":"enabled","adv-header-id-meta":"","stick-header-meta":"","header-above-stick-meta":"","header-main-stick-meta":"","header-below-stick-meta":"","astra-migrate-meta-layouts":"default","ast-page-background-enabled":"default","ast-page-background-meta":{"desktop":{"background-color":"","background-image":"","background-repeat":"repeat","background-position":"center center","background-size":"auto","background-attachment":"scroll","background-type":"","background-media":"","overlay-type":"","overlay-color":"","overlay-opacity":"","overlay-gradient":""},"tablet":{"background-color":"","background-image":"","background-repeat":"repeat","background-position":"center center","background-size":"auto","background-attachment":"scroll","background-type":"","background-media":"","overlay-type":"","overlay-color":"","overlay-opacity":"","overlay-gradient":""},"mobile":{"background-color":"","background-image":"","background-repeat":"repeat","background-position":"center center","background-size":"auto","background-attachment":"scroll","background-type":"","background-media":"","overlay-type":"","overlay-color":"","overlay-opacity":"","overlay-gradient":""}},"ast-content-background-meta":{"desktop":{"background-color":"var(--ast-global-color-5)","background-image":"","background-repeat":"repeat","background-position":"center center","background-size":"auto","background-attachment":"scroll","background-type":"","background-media":"","overlay-type":"","overlay-color":"","overlay-opacity":"","overlay-gradient":""},"tablet":{"background-color":"var(--ast-global-color-5)","background-image":"","background-repeat":"repeat","background-position":"center center","background-size":"auto","background-attachment":"scroll","background-type":"","background-media":"","overlay-type":"","overlay-color":"","overlay-opacity":"","overlay-gradient":""},"mobile":{"background-color":"var(--ast-global-color-5)","background-image":"","background-repeat":"repeat","background-position":"center center","background-size":"auto","background-attachment":"scroll","background-type":"","background-media":"","overlay-type":"","overlay-color":"","overlay-opacity":"","overlay-gradient":""}},"footnotes":""},"class_list":["post-4671","page","type-page","status-publish","hentry"],"_links":{"self":[{"href":"https:\/\/fondationgenese.org\/fr\/wp-json\/wp\/v2\/pages\/4671","targetHints":{"allow":["GET"]}}],"collection":[{"href":"https:\/\/fondationgenese.org\/fr\/wp-json\/wp\/v2\/pages"}],"about":[{"href":"https:\/\/fondationgenese.org\/fr\/wp-json\/wp\/v2\/types\/page"}],"author":[{"embeddable":true,"href":"https:\/\/fondationgenese.org\/fr\/wp-json\/wp\/v2\/users\/1"}],"replies":[{"embeddable":true,"href":"https:\/\/fondationgenese.org\/fr\/wp-json\/wp\/v2\/comments?post=4671"}],"version-history":[{"count":11,"href":"https:\/\/fondationgenese.org\/fr\/wp-json\/wp\/v2\/pages\/4671\/revisions"}],"predecessor-version":[{"id":4749,"href":"https:\/\/fondationgenese.org\/fr\/wp-json\/wp\/v2\/pages\/4671\/revisions\/4749"}],"wp:attachment":[{"href":"https:\/\/fondationgenese.org\/fr\/wp-json\/wp\/v2\/media?parent=4671"}],"curies":[{"name":"wp","href":"https:\/\/api.w.org\/{rel}","templated":true}]}}