{"id":4353,"date":"2026-04-16T12:40:59","date_gmt":"2026-04-16T12:40:59","guid":{"rendered":"https:\/\/fondationgenese.org\/?page_id=4353"},"modified":"2026-04-16T13:33:59","modified_gmt":"2026-04-16T13:33:59","slug":"story","status":"publish","type":"page","link":"https:\/\/fondationgenese.org\/fr\/story\/","title":{"rendered":"Histoire"},"content":{"rendered":"<div data-elementor-type=\"wp-page\" data-elementor-id=\"4353\" class=\"elementor elementor-4353\">\n\t\t\t\t<div class=\"elementor-element elementor-element-92e5250 e-flex e-con-boxed e-con e-parent\" data-id=\"92e5250\" data-element_type=\"container\" data-e-type=\"container\" data-settings=\"{&quot;background_background&quot;:&quot;classic&quot;}\">\n\t\t\t\t\t<div class=\"e-con-inner\">\n\t\t<div class=\"elementor-element elementor-element-e6160e0 e-con-full e-flex e-con e-child\" data-id=\"e6160e0\" data-element_type=\"container\" data-e-type=\"container\">\n\t\t\t\t<div class=\"elementor-element elementor-element-23f312a elementor-widget elementor-widget-heading\" data-id=\"23f312a\" data-element_type=\"widget\" data-e-type=\"widget\" data-widget_type=\"heading.default\">\n\t\t\t\t<div class=\"elementor-widget-container\">\n\t\t\t\t\t<h5 class=\"elementor-heading-title elementor-size-default\">Quelques mots \u00e0 propos de notre<\/h5>\t\t\t\t<\/div>\n\t\t\t\t<\/div>\n\t\t\t\t<\/div>\n\t\t\t\t\t<\/div>\n\t\t\t\t<\/div>\n\t\t<div class=\"elementor-element elementor-element-25231a8 e-flex e-con-boxed e-con e-parent\" data-id=\"25231a8\" data-element_type=\"container\" data-e-type=\"container\" data-settings=\"{&quot;background_background&quot;:&quot;classic&quot;}\">\n\t\t\t\t\t<div class=\"e-con-inner\">\n\t\t<div class=\"elementor-element elementor-element-a265164 e-con-full e-flex e-con e-child\" data-id=\"a265164\" data-element_type=\"container\" data-e-type=\"container\">\n\t\t\t\t<div class=\"elementor-element elementor-element-699f97d elementor-widget elementor-widget-heading\" data-id=\"699f97d\" data-element_type=\"widget\" data-e-type=\"widget\" data-widget_type=\"heading.default\">\n\t\t\t\t<div class=\"elementor-widget-container\">\n\t\t\t\t\t<h2 class=\"elementor-heading-title elementor-size-default\">Histoire<\/h2>\t\t\t\t<\/div>\n\t\t\t\t<\/div>\n\t\t\t\t<\/div>\n\t\t\t\t\t<\/div>\n\t\t\t\t<\/div>\n\t\t<div class=\"elementor-element elementor-element-629426e e-flex e-con-boxed e-con e-parent\" data-id=\"629426e\" data-element_type=\"container\" data-e-type=\"container\">\n\t\t\t\t\t<div class=\"e-con-inner\">\n\t\t\t\t<div class=\"elementor-element elementor-element-cf21c85 elementor-widget elementor-widget-text-editor\" data-id=\"cf21c85\" data-element_type=\"widget\" data-e-type=\"widget\" data-widget_type=\"text-editor.default\">\n\t\t\t\t<div class=\"elementor-widget-container\">\n\t\t\t\t\t\t\t\t\t<p data-start=\"116\" data-end=\"656\">En janvier 2012, alors que je vivais au Ghana pour des raisons professionnelles, moi (Josiane), j\u2019ai \u00e9t\u00e9 conduite par J\u00e9sus \u00e0 lancer un groupe d\u2019\u00e9tude biblique dans une r\u00e9sidence alors occup\u00e9e par des jeunes \u00e9tudiantes francophones. Environ deux ans plus tard (en janvier 2014), nous avons d\u00e9cid\u00e9 d\u2019organiser une campagne d\u2019\u00e9vang\u00e9lisation. C\u2019est \u00e0 ce moment\u2011l\u00e0 que le besoin de trouver un nom pour notre groupe s\u2019est manifest\u00e9. Tous les membres de l\u2019\u00e9poque ont propos\u00e9 diff\u00e9rentes id\u00e9es. Collectivement, nous avons choisi de nommer notre groupe GENESE, un acronyme de \u00ab\u202fG\u00e9n\u00e9ration \u00c9lite du Saint\u2011Esprit\u202f\u00bb.<\/p><p data-start=\"658\" data-end=\"947\">GENESE repr\u00e9sente d\u2019abord l\u2019excellence \u00e0 laquelle nous aspirons, car nous croyons qu\u2019avec le Saint\u2011Esprit, il est possible de vivre dans l\u2019excellence et la perfection. GENESE symbolise \u00e9galement le commencement\u202f: le d\u00e9but d\u2019une nouvelle \u00e8re dans laquelle l\u2019\u0153uvre de J\u00e9sus, accomplie par le Saint\u2011Esprit, est pleinement accept\u00e9e et reconnue.<\/p><p data-start=\"949\" data-end=\"1180\">L\u2019ann\u00e9e suivante, nous avons entam\u00e9 la d\u00e9marche d\u2019enregistrement officiel de notre groupe en tant qu\u2019une ONG au Ghana. Le processus a \u00e9t\u00e9 achev\u00e9 le 28 juillet 2015. C\u2019est au cours de cette proc\u00e9dure que le groupe a \u00e9t\u00e9 enregistr\u00e9 sous le nom de Fondation GENESE.<\/p><p data-start=\"1182\" data-end=\"1343\">Le 1er novembre 2022, la Fondation GENESE a \u00e9t\u00e9 enregistr\u00e9e en tant qu\u2019organisme \u00e0 but non lucratif au Canada. L\u2019enregistrement de GF au Qu\u00e9bec a \u00e9t\u00e9 compl\u00e9t\u00e9 le 2 novembre 2022.<\/p><p data-start=\"1345\" data-end=\"1412\">Aujourd\u2019hui, la GF est impliqu\u00e9e dans plusieurs activit\u00e9s et en initie diverses, telles que\u202f:<\/p><ul data-start=\"1414\" data-end=\"2093\"><li data-section-id=\"10vzfi5\" data-start=\"1414\" data-end=\"1573\">Sessions de pri\u00e8re, partages bibliques, exhortations et \u00e9vang\u00e9lisation, en pr\u00e9sentiel, en ligne, sur les r\u00e9seaux sociaux et par tout autre moyen de communication disponible.<\/li><li data-section-id=\"1y4dlb6\" data-start=\"1574\" data-end=\"1739\">Distribution gratuite de mat\u00e9riel spirituel sous forme de livres, d\u2019affiches, de ressources audiovisuelles, d\u2019articles de journaux et par tout autre moyen accessible et appropri\u00e9.<\/li><li data-section-id=\"bq1fu4\" data-start=\"1740\" data-end=\"1867\">\u00c9v\u00e9nements publics tels que des sessions de formation, des s\u00e9minaires, des conf\u00e9rences, des retraites, des productions musicales, l\u2019organisation de concerts, et plus encore.<\/li><li data-section-id=\"fz8cn1\" data-start=\"1868\" data-end=\"1929\">Conf\u00e9rences, t\u00e9moignages et temps de partage informels.<\/li><li data-section-id=\"kdp1bd\" data-start=\"1930\" data-end=\"2058\">Activit\u00e9s de soutien social (distribution de divers biens donn\u00e9s par les membres et les supporters) et assistance aux personnes dans le besoin.<\/li><li data-section-id=\"lfpz0o\" data-start=\"2059\" data-end=\"2093\">Activit\u00e9s d\u2019int\u00e9gration sociale.<\/li><\/ul><p data-start=\"2095\" data-end=\"2145\">Les activit\u00e9s de GF s\u2019adressent \u00e0 des personnes de tous \u00e2ges.<\/p>\t\t\t\t\t\t\t\t<\/div>\n\t\t\t\t<\/div>\n\t\t\t\t\t<\/div>\n\t\t\t\t<\/div>\n\t\t\t\t<\/div>","protected":false},"excerpt":{"rendered":"<p>Few words about our Story In January 2012, while I was living in Ghana for work purposes, I (Josiane) was led by Jesus to start a Bible study group in [&hellip;]<\/p>\n","protected":false},"author":1,"featured_media":0,"parent":0,"menu_order":0,"comment_status":"closed","ping_status":"closed","template":"","meta":{"site-sidebar-layout":"no-sidebar","site-content-layout":"page-builder","ast-site-content-layout":"full-width-container","site-content-style":"unboxed","site-sidebar-style":"unboxed","ast-global-header-display":"","ast-banner-title-visibility":"","ast-main-header-display":"","ast-hfb-above-header-display":"","ast-hfb-below-header-display":"","ast-hfb-mobile-header-display":"","site-post-title":"disabled","ast-breadcrumbs-content":"disabled","ast-featured-img":"disabled","footer-sml-layout":"","ast-disable-related-posts":"","theme-transparent-header-meta":"enabled","adv-header-id-meta":"","stick-header-meta":"","header-above-stick-meta":"","header-main-stick-meta":"","header-below-stick-meta":"","astra-migrate-meta-layouts":"set","ast-page-background-enabled":"default","ast-page-background-meta":{"desktop":{"background-color":"","background-image":"","background-repeat":"repeat","background-position":"center center","background-size":"auto","background-attachment":"scroll","background-type":"","background-media":"","overlay-type":"","overlay-color":"","overlay-opacity":"","overlay-gradient":""},"tablet":{"background-color":"","background-image":"","background-repeat":"repeat","background-position":"center center","background-size":"auto","background-attachment":"scroll","background-type":"","background-media":"","overlay-type":"","overlay-color":"","overlay-opacity":"","overlay-gradient":""},"mobile":{"background-color":"","background-image":"","background-repeat":"repeat","background-position":"center center","background-size":"auto","background-attachment":"scroll","background-type":"","background-media":"","overlay-type":"","overlay-color":"","overlay-opacity":"","overlay-gradient":""}},"ast-content-background-meta":{"desktop":{"background-color":"var(--ast-global-color-5)","background-image":"","background-repeat":"repeat","background-position":"center center","background-size":"auto","background-attachment":"scroll","background-type":"","background-media":"","overlay-type":"","overlay-color":"","overlay-opacity":"","overlay-gradient":""},"tablet":{"background-color":"var(--ast-global-color-5)","background-image":"","background-repeat":"repeat","background-position":"center center","background-size":"auto","background-attachment":"scroll","background-type":"","background-media":"","overlay-type":"","overlay-color":"","overlay-opacity":"","overlay-gradient":""},"mobile":{"background-color":"var(--ast-global-color-5)","background-image":"","background-repeat":"repeat","background-position":"center center","background-size":"auto","background-attachment":"scroll","background-type":"","background-media":"","overlay-type":"","overlay-color":"","overlay-opacity":"","overlay-gradient":""}},"footnotes":""},"class_list":["post-4353","page","type-page","status-publish","hentry"],"_links":{"self":[{"href":"https:\/\/fondationgenese.org\/fr\/wp-json\/wp\/v2\/pages\/4353","targetHints":{"allow":["GET"]}}],"collection":[{"href":"https:\/\/fondationgenese.org\/fr\/wp-json\/wp\/v2\/pages"}],"about":[{"href":"https:\/\/fondationgenese.org\/fr\/wp-json\/wp\/v2\/types\/page"}],"author":[{"embeddable":true,"href":"https:\/\/fondationgenese.org\/fr\/wp-json\/wp\/v2\/users\/1"}],"replies":[{"embeddable":true,"href":"https:\/\/fondationgenese.org\/fr\/wp-json\/wp\/v2\/comments?post=4353"}],"version-history":[{"count":12,"href":"https:\/\/fondationgenese.org\/fr\/wp-json\/wp\/v2\/pages\/4353\/revisions"}],"predecessor-version":[{"id":4434,"href":"https:\/\/fondationgenese.org\/fr\/wp-json\/wp\/v2\/pages\/4353\/revisions\/4434"}],"wp:attachment":[{"href":"https:\/\/fondationgenese.org\/fr\/wp-json\/wp\/v2\/media?parent=4353"}],"curies":[{"name":"wp","href":"https:\/\/api.w.org\/{rel}","templated":true}]}}