{"id":4330,"date":"2026-04-16T12:15:44","date_gmt":"2026-04-16T12:15:44","guid":{"rendered":"https:\/\/fondationgenese.org\/?page_id=4330"},"modified":"2026-04-16T13:33:10","modified_gmt":"2026-04-16T13:33:10","slug":"mission","status":"publish","type":"page","link":"https:\/\/fondationgenese.org\/fr\/mission\/","title":{"rendered":"Mission"},"content":{"rendered":"<div data-elementor-type=\"wp-page\" data-elementor-id=\"4330\" class=\"elementor elementor-4330\">\n\t\t\t\t<div class=\"elementor-element elementor-element-92e5250 e-flex e-con-boxed e-con e-parent\" data-id=\"92e5250\" data-element_type=\"container\" data-e-type=\"container\" data-settings=\"{&quot;background_background&quot;:&quot;classic&quot;}\">\n\t\t\t\t\t<div class=\"e-con-inner\">\n\t\t<div class=\"elementor-element elementor-element-e6160e0 e-con-full e-flex e-con e-child\" data-id=\"e6160e0\" data-element_type=\"container\" data-e-type=\"container\">\n\t\t\t\t<div class=\"elementor-element elementor-element-23f312a elementor-widget elementor-widget-heading\" data-id=\"23f312a\" data-element_type=\"widget\" data-e-type=\"widget\" data-widget_type=\"heading.default\">\n\t\t\t\t<div class=\"elementor-widget-container\">\n\t\t\t\t\t<h5 class=\"elementor-heading-title elementor-size-default\">Quelques mots \u00e0 propos de notre<\/h5>\t\t\t\t<\/div>\n\t\t\t\t<\/div>\n\t\t\t\t<\/div>\n\t\t\t\t\t<\/div>\n\t\t\t\t<\/div>\n\t\t<div class=\"elementor-element elementor-element-25231a8 e-flex e-con-boxed e-con e-parent\" data-id=\"25231a8\" data-element_type=\"container\" data-e-type=\"container\" data-settings=\"{&quot;background_background&quot;:&quot;classic&quot;}\">\n\t\t\t\t\t<div class=\"e-con-inner\">\n\t\t<div class=\"elementor-element elementor-element-a265164 e-con-full e-flex e-con e-child\" data-id=\"a265164\" data-element_type=\"container\" data-e-type=\"container\">\n\t\t\t\t<div class=\"elementor-element elementor-element-699f97d elementor-widget elementor-widget-heading\" data-id=\"699f97d\" data-element_type=\"widget\" data-e-type=\"widget\" data-widget_type=\"heading.default\">\n\t\t\t\t<div class=\"elementor-widget-container\">\n\t\t\t\t\t<h2 class=\"elementor-heading-title elementor-size-default\">Mission<\/h2>\t\t\t\t<\/div>\n\t\t\t\t<\/div>\n\t\t\t\t<\/div>\n\t\t\t\t\t<\/div>\n\t\t\t\t<\/div>\n\t\t<div class=\"elementor-element elementor-element-629426e e-flex e-con-boxed e-con e-parent\" data-id=\"629426e\" data-element_type=\"container\" data-e-type=\"container\">\n\t\t\t\t\t<div class=\"e-con-inner\">\n\t\t\t\t<div class=\"elementor-element elementor-element-cf21c85 elementor-widget elementor-widget-text-editor\" data-id=\"cf21c85\" data-element_type=\"widget\" data-e-type=\"widget\" data-widget_type=\"text-editor.default\">\n\t\t\t\t<div class=\"elementor-widget-container\">\n\t\t\t\t\t\t\t\t\t<p data-start=\"105\" data-end=\"403\">La Fondation GENESE (GF) a pour mission de soutenir ses membres ainsi que la population en g\u00e9n\u00e9ral dans le d\u00e9veloppement de leur foi en J\u00e9sus\u2011Christ, conform\u00e9ment \u00e0 la Bible. Le fondement de la GF repose sur l\u2019amour de Dieu pour Ses enfants en J\u00e9sus\u2011Christ, ainsi que sur l\u2019amour que nous avons les uns pour les autres et pour notre prochain.<\/p><p data-start=\"405\" data-end=\"458\">La mission de la GF s\u2019inspire d\u2019un passage de la Bible\u202f:<\/p><p data-start=\"460\" data-end=\"602\">J\u00e9r\u00e9mie 1:10 \u2014 \"Regarde, je t'\u00e9tablis aujourd'hui sur les nations et contre les royaumes, pour que tu arraches et que tu abattes, pour que tu fasses p\u00e9rir et que tu d\u00e9truises, pour que tu b\u00e2tisses et que tu plantes.\"<\/p><p data-start=\"604\" data-end=\"627\">De ce fait, GF travaille afin de:<\/p><ul data-start=\"629\" data-end=\"1439\"><li data-section-id=\"18b8ntb\" data-start=\"629\" data-end=\"866\"><strong data-start=\"631\" data-end=\"642\">Arracher et abattre<\/strong> les principes et des syst\u00e8mes religieux profond\u00e9ment \u00e9tablis dont le fondement diff\u00e8re de celui de J\u00e9sus\u2011Christ. Nous le faisons en diffusant largement la v\u00e9rit\u00e9 de J\u00e9sus\u2011Christ et en exhortant chacun \u00e0 s\u2019attacher \u00e0 J\u00e9sus\u2011Christ, et \u00e0 Lui seul.<\/li><li data-section-id=\"1qnxg06\" data-start=\"868\" data-end=\"1193\"><strong data-start=\"870\" data-end=\"881\">Faire p\u00e9rir et d\u00e9truire<\/strong> les fausses id\u00e9es, th\u00e9ories et principes qui se sont r\u00e9pandus \u00e0 travers le monde et qui emp\u00eachent les enfants de Dieu de viser l\u2019excellence dans leur vie quotidienne. Nous \u0153uvrons \u00e0 diffuser la v\u00e9rit\u00e9 de J\u00e9sus\u2011Christ afin que ceux qui la d\u00e9sirent r\u00e9ellement ne soient plus li\u00e9s \u00e0 vivve selon la chair, mais puissent porter un fruit abondant.<\/li><li data-section-id=\"1xzgu60\" data-start=\"1195\" data-end=\"1439\"><strong data-start=\"1197\" data-end=\"1206\">B\u00e2tir et planter<\/strong> un nouveau syst\u00e8me fond\u00e9 uniquement sur la v\u00e9rit\u00e9 du message de J\u00e9sus\u2011Christ. Ainsi \u00e9mergera une g\u00e9n\u00e9ration forte et solide, qui aime J\u00e9sus\u2011Christ et qui est pr\u00eate \u00e0 contribuer au bien de tous en marchant dans Ses pas.<\/li><\/ul><p data-start=\"1441\" data-end=\"1521\">Pour atteindre ces objectifs, la GF s\u2019engage dans diverses activit\u00e9s et en initie plusieurs, notamment\u202f:<\/p><ul data-start=\"1523\" data-end=\"2158\"><li data-section-id=\"1lllhs0\" data-start=\"1523\" data-end=\"1677\">Sessions de pri\u00e8re, discussions bibliques, exhortations et \u00e9vang\u00e9lisation, en pr\u00e9sentiel, en ligne, sur les r\u00e9seaux sociaux et par tous les moyens de communication disponibles.<\/li><li data-section-id=\"1mxjru1\" data-start=\"1678\" data-end=\"1833\">Distribution gratuite de supports spirituels tels que des livres, des affiches, des produits audiovisuelles, des articles de journaux et d\u2019autres ressources accessibles et appropri\u00e9s.<\/li><li data-section-id=\"1cwhnsq\" data-start=\"1834\" data-end=\"1941\">\u00c9v\u00e9nements publics tels que des formations, des s\u00e9minaires, des conf\u00e9rences, des retraites, des productions musicales, des concerts, et plus encore.<\/li><li data-section-id=\"o9eigg\" data-start=\"1942\" data-end=\"2012\">Conf\u00e9rences, t\u00e9moignages et moments de partage informels.<\/li><li data-section-id=\"1rj0v4g\" data-start=\"2013\" data-end=\"2123\">Activit\u00e9s de soutien social (distribution de biens donn\u00e9s par les membres et les supporters) visant \u00e0 aider des personnes dans le besoin.<\/li><li data-section-id=\"lfpz0o\" data-start=\"2124\" data-end=\"2158\">Activit\u00e9s d\u2019int\u00e9gration sociale.<\/li><\/ul><p data-start=\"2160\" data-end=\"2208\">Les activit\u00e9s de GF s\u2019adressent \u00e0 des personnes de tous \u00e2ges.<\/p>\t\t\t\t\t\t\t\t<\/div>\n\t\t\t\t<\/div>\n\t\t\t\t\t<\/div>\n\t\t\t\t<\/div>\n\t\t\t\t<\/div>","protected":false},"excerpt":{"rendered":"<p>Few words about our Mission The GENESE Foundation (GF) aims to support its members as well as the general population in the development of their faith in Jesus Christ, according [&hellip;]<\/p>\n","protected":false},"author":1,"featured_media":0,"parent":0,"menu_order":0,"comment_status":"closed","ping_status":"closed","template":"","meta":{"site-sidebar-layout":"no-sidebar","site-content-layout":"page-builder","ast-site-content-layout":"full-width-container","site-content-style":"unboxed","site-sidebar-style":"unboxed","ast-global-header-display":"","ast-banner-title-visibility":"","ast-main-header-display":"","ast-hfb-above-header-display":"","ast-hfb-below-header-display":"","ast-hfb-mobile-header-display":"","site-post-title":"disabled","ast-breadcrumbs-content":"disabled","ast-featured-img":"disabled","footer-sml-layout":"","ast-disable-related-posts":"","theme-transparent-header-meta":"enabled","adv-header-id-meta":"","stick-header-meta":"","header-above-stick-meta":"","header-main-stick-meta":"","header-below-stick-meta":"","astra-migrate-meta-layouts":"set","ast-page-background-enabled":"default","ast-page-background-meta":{"desktop":{"background-color":"","background-image":"","background-repeat":"repeat","background-position":"center center","background-size":"auto","background-attachment":"scroll","background-type":"","background-media":"","overlay-type":"","overlay-color":"","overlay-opacity":"","overlay-gradient":""},"tablet":{"background-color":"","background-image":"","background-repeat":"repeat","background-position":"center center","background-size":"auto","background-attachment":"scroll","background-type":"","background-media":"","overlay-type":"","overlay-color":"","overlay-opacity":"","overlay-gradient":""},"mobile":{"background-color":"","background-image":"","background-repeat":"repeat","background-position":"center center","background-size":"auto","background-attachment":"scroll","background-type":"","background-media":"","overlay-type":"","overlay-color":"","overlay-opacity":"","overlay-gradient":""}},"ast-content-background-meta":{"desktop":{"background-color":"var(--ast-global-color-5)","background-image":"","background-repeat":"repeat","background-position":"center center","background-size":"auto","background-attachment":"scroll","background-type":"","background-media":"","overlay-type":"","overlay-color":"","overlay-opacity":"","overlay-gradient":""},"tablet":{"background-color":"var(--ast-global-color-5)","background-image":"","background-repeat":"repeat","background-position":"center center","background-size":"auto","background-attachment":"scroll","background-type":"","background-media":"","overlay-type":"","overlay-color":"","overlay-opacity":"","overlay-gradient":""},"mobile":{"background-color":"var(--ast-global-color-5)","background-image":"","background-repeat":"repeat","background-position":"center center","background-size":"auto","background-attachment":"scroll","background-type":"","background-media":"","overlay-type":"","overlay-color":"","overlay-opacity":"","overlay-gradient":""}},"footnotes":""},"class_list":["post-4330","page","type-page","status-publish","hentry"],"_links":{"self":[{"href":"https:\/\/fondationgenese.org\/fr\/wp-json\/wp\/v2\/pages\/4330","targetHints":{"allow":["GET"]}}],"collection":[{"href":"https:\/\/fondationgenese.org\/fr\/wp-json\/wp\/v2\/pages"}],"about":[{"href":"https:\/\/fondationgenese.org\/fr\/wp-json\/wp\/v2\/types\/page"}],"author":[{"embeddable":true,"href":"https:\/\/fondationgenese.org\/fr\/wp-json\/wp\/v2\/users\/1"}],"replies":[{"embeddable":true,"href":"https:\/\/fondationgenese.org\/fr\/wp-json\/wp\/v2\/comments?post=4330"}],"version-history":[{"count":10,"href":"https:\/\/fondationgenese.org\/fr\/wp-json\/wp\/v2\/pages\/4330\/revisions"}],"predecessor-version":[{"id":4431,"href":"https:\/\/fondationgenese.org\/fr\/wp-json\/wp\/v2\/pages\/4330\/revisions\/4431"}],"wp:attachment":[{"href":"https:\/\/fondationgenese.org\/fr\/wp-json\/wp\/v2\/media?parent=4330"}],"curies":[{"name":"wp","href":"https:\/\/api.w.org\/{rel}","templated":true}]}}