{"id":15,"date":"2026-04-12T22:32:11","date_gmt":"2026-04-12T22:32:11","guid":{"rendered":"https:\/\/fondationgenese.org\/about"},"modified":"2026-04-20T09:41:05","modified_gmt":"2026-04-20T09:41:05","slug":"who-we-are","status":"publish","type":"page","link":"https:\/\/fondationgenese.org\/fr\/who-we-are\/","title":{"rendered":"Qui nous sommes"},"content":{"rendered":"<div data-elementor-type=\"wp-page\" data-elementor-id=\"15\" class=\"elementor elementor-15\">\n\t\t\t\t<div class=\"elementor-element elementor-element-92e5250 e-flex e-con-boxed e-con e-parent\" data-id=\"92e5250\" data-element_type=\"container\" data-e-type=\"container\" data-settings=\"{&quot;background_background&quot;:&quot;classic&quot;}\">\n\t\t\t\t\t<div class=\"e-con-inner\">\n\t\t<div class=\"elementor-element elementor-element-e6160e0 e-con-full e-flex e-con e-child\" data-id=\"e6160e0\" data-element_type=\"container\" data-e-type=\"container\">\n\t\t\t\t<div class=\"elementor-element elementor-element-ad99d15 elementor-widget elementor-widget-heading\" data-id=\"ad99d15\" data-element_type=\"widget\" data-e-type=\"widget\" data-widget_type=\"heading.default\">\n\t\t\t\t<div class=\"elementor-widget-container\">\n\t\t\t\t\t<h5 class=\"elementor-heading-title elementor-size-default\">Quelques mots \u00e0 propos<\/h5>\t\t\t\t<\/div>\n\t\t\t\t<\/div>\n\t\t\t\t<\/div>\n\t\t\t\t\t<\/div>\n\t\t\t\t<\/div>\n\t\t<div class=\"elementor-element elementor-element-25231a8 e-flex e-con-boxed e-con e-parent\" data-id=\"25231a8\" data-element_type=\"container\" data-e-type=\"container\" data-settings=\"{&quot;background_background&quot;:&quot;classic&quot;}\">\n\t\t\t\t\t<div class=\"e-con-inner\">\n\t\t<div class=\"elementor-element elementor-element-a265164 e-con-full e-flex e-con e-child\" data-id=\"a265164\" data-element_type=\"container\" data-e-type=\"container\">\n\t\t\t\t<div class=\"elementor-element elementor-element-699f97d elementor-widget elementor-widget-heading\" data-id=\"699f97d\" data-element_type=\"widget\" data-e-type=\"widget\" data-widget_type=\"heading.default\">\n\t\t\t\t<div class=\"elementor-widget-container\">\n\t\t\t\t\t<h2 class=\"elementor-heading-title elementor-size-default\">Qui nous sommes<\/h2>\t\t\t\t<\/div>\n\t\t\t\t<\/div>\n\t\t<div class=\"elementor-element elementor-element-731f577 e-con-full e-flex e-con e-child\" data-id=\"731f577\" data-element_type=\"container\" data-e-type=\"container\">\n\t\t\t\t<div class=\"elementor-element elementor-element-c9ad093 elementor-widget elementor-widget-heading\" data-id=\"c9ad093\" data-element_type=\"widget\" data-e-type=\"widget\" data-widget_type=\"heading.default\">\n\t\t\t\t<div class=\"elementor-widget-container\">\n\t\t\t\t\t<h5 class=\"elementor-heading-title elementor-size-default\">GENESE Foundation (GF) est une organisation \u00e0 but non lucratif et \u00e0 vocation spirituelle, \u00e9tablie pour \u00e9quiper et soutenir les personnes qui d\u00e9sirent profond\u00e9ment d\u00e9velopper une relation personnelle avec J\u00e9sus\u2011Christ.<\/h5>\t\t\t\t<\/div>\n\t\t\t\t<\/div>\n\t\t\t\t<\/div>\n\t\t<div class=\"elementor-element elementor-element-e8cdcc5 e-con-full e-flex e-con e-child\" data-id=\"e8cdcc5\" data-element_type=\"container\" data-e-type=\"container\">\n\t\t<div class=\"elementor-element elementor-element-83e0b78 e-con-full e-flex e-con e-child\" data-id=\"83e0b78\" data-element_type=\"container\" data-e-type=\"container\">\n\t\t\t\t<div class=\"elementor-element elementor-element-3811c9c elementor-widget elementor-widget-text-editor\" data-id=\"3811c9c\" data-element_type=\"widget\" data-e-type=\"widget\" data-widget_type=\"text-editor.default\">\n\t\t\t\t<div class=\"elementor-widget-container\">\n\t\t\t\t\t\t\t\t\t<p>Fondation GENESE <strong>(GF)<\/strong> a d\u00e9but\u00e9 en 2012 comme un simple groupe d\u2019\u00e9tude biblique au Ghana. Elle est n\u00e9e d\u2019un profond d\u00e9sir de former une g\u00e9n\u00e9ration solidement enracin\u00e9e dans la V\u00e9rit\u00e9, conduite par le Saint\u2011Esprit et engag\u00e9e \u00e0 vivre une vie d\u2019excellence. Le nom GENESE provient du fran\u00e7ais \u00ab\u202fG\u00e9n\u00e9ration \u00c9lite du Saint\u2011Esprit\u202f\u00bb. Il refl\u00e8te pleinement \u00e0 la fois notre identit\u00e9 et notre vocation\u202f: rechercher l\u2019excellence spirituelle et marcher en alignement avec le dessein divin de Dieu en acceptant chaque jour la direction du Saint\u2011Esprit dans nos vies.<br \/>GF a \u00e9t\u00e9 officiellement enregistr\u00e9e au Ghana en 2015, puis au Canada (Qu\u00e9bec) en 2022. Par la gr\u00e2ce de J\u00e9sus\u2011Christ, GF est devenue une communaut\u00e9 dynamique pr\u00e9sente sur plusieurs continents, touchant et impactant des personnes de diff\u00e9rentes cultures et g\u00e9n\u00e9rations.<\/p>\t\t\t\t\t\t\t\t<\/div>\n\t\t\t\t<\/div>\n\t\t\t\t<\/div>\n\t\t<div class=\"elementor-element elementor-element-4b1f999 e-con-full e-flex e-con e-child\" data-id=\"4b1f999\" data-element_type=\"container\" data-e-type=\"container\">\n\t\t\t\t<div class=\"elementor-element elementor-element-706fd07 elementor-widget elementor-widget-text-editor\" data-id=\"706fd07\" data-element_type=\"widget\" data-e-type=\"widget\" data-widget_type=\"text-editor.default\">\n\t\t\t\t<div class=\"elementor-widget-container\">\n\t\t\t\t\t\t\t\t\t<p data-start=\"894\" data-end=\"1288\">Nous croyons que J\u00e9sus\u2011Christ est le Fils de Dieu et notre Sauveur, et qu\u2019Il est vivant et agissant par le Saint\u2011Esprit dans toute personne qui Lui donne sa vie. Par J\u00e9sus, nous devenons enfants de Dieu, le p\u00e9ch\u00e9 est d\u00e9finitivement \u00f4t\u00e9 de nous et une vie nouvelle commence. Nous vivons sous la Nouvelle Alliance \u00e9tablie par Christ, marchant dans la gr\u00e2ce qu\u2019Il a inaugur\u00e9e, et non plus sous la Loi de Mo\u00efse (l\u2019Ancienne Alliance). En tant qu\u2019enfants de Dieu, nous sommes appel\u00e9s \u00e0 grandir chaque jour, \u00e0 viser l\u2019excellence dans tous les aspects de nos vies et \u00e0 marcher dans la libert\u00e9 que l\u2019on trouve en Christ.<\/p><div><div>Nous croyons que Dieu donne librement par gr\u00e2ce. Ainsi, puisque nous sommes cr\u00e9\u00e9s \u00e0 Son image, nous choisissons nous aussi de donner librement, en tout temps. Nous n\u2019exer\u00e7ons aucune pression financi\u00e8re sur nos visiteurs et nous ne recevons pas de d\u00eemes. Nous faisons plut\u00f4t confiance \u00e0 J\u00e9sus pour pourvoir \u00e0 chaque besoin en touchant le c\u0153ur de ceux qui, se sachant b\u00e9nis, choisissent librement de soutenir financi\u00e8rement nos activit\u00e9s.<\/div><\/div>\t\t\t\t\t\t\t\t<\/div>\n\t\t\t\t<\/div>\n\t\t\t\t<\/div>\n\t\t\t\t<\/div>\n\t\t\t\t<\/div>\n\t\t\t\t\t<\/div>\n\t\t\t\t<\/div>\n\t\t<div class=\"elementor-element elementor-element-830fd40 e-flex e-con-boxed e-con e-parent\" data-id=\"830fd40\" data-element_type=\"container\" data-e-type=\"container\">\n\t\t\t\t\t<div class=\"e-con-inner\">\n\t\t<div class=\"elementor-element elementor-element-c27a57c e-con-full e-flex e-con e-child\" data-id=\"c27a57c\" data-element_type=\"container\" data-e-type=\"container\">\n\t\t\t\t<div class=\"elementor-element elementor-element-58eb583 gallery-spacing-custom elementor-widget elementor-widget-image-gallery\" data-id=\"58eb583\" data-element_type=\"widget\" data-e-type=\"widget\" data-widget_type=\"image-gallery.default\">\n\t\t\t\t<div class=\"elementor-widget-container\">\n\t\t\t\t\t\t\t<div class=\"elementor-image-gallery\">\n\t\t\t<div id='gallery-1' class='gallery galleryid-15 gallery-columns-3 gallery-size-full'><figure class='gallery-item'>\n\t\t\t<div class='gallery-icon landscape'>\n\t\t\t\t<a data-elementor-open-lightbox=\"yes\" data-elementor-lightbox-slideshow=\"58eb583\" data-elementor-lightbox-title=\"Rencontre Mensuelle de GF2\" data-e-action-hash=\"#elementor-action%3Aaction%3Dlightbox%26settings%3DeyJpZCI6MzcxOSwidXJsIjoiaHR0cHM6XC9cL2ZvbmRhdGlvbmdlbmVzZS5vcmdcL3dwLWNvbnRlbnRcL3VwbG9hZHNcLzIwMjRcLzAzXC9SZW5jb250cmUtTWVuc3VlbGxlLWRlLUdGMi5qcGciLCJzbGlkZXNob3ciOiI1OGViNTgzIn0%3D\" href='https:\/\/fondationgenese.org\/wp-content\/uploads\/2024\/03\/Rencontre-Mensuelle-de-GF2.jpg'><img fetchpriority=\"high\" decoding=\"async\" width=\"1080\" height=\"1080\" src=\"https:\/\/fondationgenese.org\/wp-content\/uploads\/2024\/03\/Rencontre-Mensuelle-de-GF2.jpg\" class=\"attachment-full size-full\" alt=\"Rencontre Mensuelle De GF2\" srcset=\"https:\/\/fondationgenese.org\/wp-content\/uploads\/2024\/03\/Rencontre-Mensuelle-de-GF2.jpg 1080w, https:\/\/fondationgenese.org\/wp-content\/uploads\/2024\/03\/Rencontre-Mensuelle-de-GF2-300x300.jpg 300w, https:\/\/fondationgenese.org\/wp-content\/uploads\/2024\/03\/Rencontre-Mensuelle-de-GF2-1024x1024.jpg 1024w, https:\/\/fondationgenese.org\/wp-content\/uploads\/2024\/03\/Rencontre-Mensuelle-de-GF2-150x150.jpg 150w, https:\/\/fondationgenese.org\/wp-content\/uploads\/2024\/03\/Rencontre-Mensuelle-de-GF2-768x768.jpg 768w, https:\/\/fondationgenese.org\/wp-content\/uploads\/2024\/03\/Rencontre-Mensuelle-de-GF2-370x370.jpg 370w, https:\/\/fondationgenese.org\/wp-content\/uploads\/2024\/03\/Rencontre-Mensuelle-de-GF2-90x90.jpg 90w, https:\/\/fondationgenese.org\/wp-content\/uploads\/2024\/03\/Rencontre-Mensuelle-de-GF2-760x760.jpg 760w\" sizes=\"(max-width: 1080px) 100vw, 1080px\" title=\"Qui nous sommes\"><\/a>\n\t\t\t<\/div><\/figure><figure class='gallery-item'>\n\t\t\t<div class='gallery-icon landscape'>\n\t\t\t\t<a data-elementor-open-lightbox=\"yes\" data-elementor-lightbox-slideshow=\"58eb583\" data-elementor-lightbox-title=\"1.png\" data-e-action-hash=\"#elementor-action%3Aaction%3Dlightbox%26settings%3DeyJpZCI6MzQ0MywidXJsIjoiaHR0cHM6XC9cL2ZvbmRhdGlvbmdlbmVzZS5vcmdcL3dwLWNvbnRlbnRcL3VwbG9hZHNcLzIwMjRcLzAxXC8xLnBuZy5qcGciLCJzbGlkZXNob3ciOiI1OGViNTgzIn0%3D\" href='https:\/\/fondationgenese.org\/wp-content\/uploads\/2024\/01\/1.png.jpg'><img decoding=\"async\" width=\"1080\" height=\"1080\" src=\"https:\/\/fondationgenese.org\/wp-content\/uploads\/2024\/01\/1.png.jpg\" class=\"attachment-full size-full\" alt=\"1.png\" srcset=\"https:\/\/fondationgenese.org\/wp-content\/uploads\/2024\/01\/1.png.jpg 1080w, https:\/\/fondationgenese.org\/wp-content\/uploads\/2024\/01\/1.png-300x300.jpg 300w, https:\/\/fondationgenese.org\/wp-content\/uploads\/2024\/01\/1.png-1024x1024.jpg 1024w, https:\/\/fondationgenese.org\/wp-content\/uploads\/2024\/01\/1.png-150x150.jpg 150w, https:\/\/fondationgenese.org\/wp-content\/uploads\/2024\/01\/1.png-768x768.jpg 768w, https:\/\/fondationgenese.org\/wp-content\/uploads\/2024\/01\/1.png-370x370.jpg 370w, https:\/\/fondationgenese.org\/wp-content\/uploads\/2024\/01\/1.png-90x90.jpg 90w, https:\/\/fondationgenese.org\/wp-content\/uploads\/2024\/01\/1.png-760x760.jpg 760w\" sizes=\"(max-width: 1080px) 100vw, 1080px\" title=\"Qui nous sommes\"><\/a>\n\t\t\t<\/div><\/figure><figure class='gallery-item'>\n\t\t\t<div class='gallery-icon landscape'>\n\t\t\t\t<a data-elementor-open-lightbox=\"yes\" data-elementor-lightbox-slideshow=\"58eb583\" data-elementor-lightbox-title=\"GF Radio_02\" data-e-action-hash=\"#elementor-action%3Aaction%3Dlightbox%26settings%3DeyJpZCI6MzY1NCwidXJsIjoiaHR0cHM6XC9cL2ZvbmRhdGlvbmdlbmVzZS5vcmdcL3dwLWNvbnRlbnRcL3VwbG9hZHNcLzIwMjRcLzAxXC9HRi1SYWRpb18wMi5qcGciLCJzbGlkZXNob3ciOiI1OGViNTgzIn0%3D\" href='https:\/\/fondationgenese.org\/wp-content\/uploads\/2024\/01\/GF-Radio_02.jpg'><img decoding=\"async\" width=\"1080\" height=\"1080\" src=\"https:\/\/fondationgenese.org\/wp-content\/uploads\/2024\/01\/GF-Radio_02.jpg\" class=\"attachment-full size-full\" alt=\"GF Radio 02\" srcset=\"https:\/\/fondationgenese.org\/wp-content\/uploads\/2024\/01\/GF-Radio_02.jpg 1080w, https:\/\/fondationgenese.org\/wp-content\/uploads\/2024\/01\/GF-Radio_02-300x300.jpg 300w, https:\/\/fondationgenese.org\/wp-content\/uploads\/2024\/01\/GF-Radio_02-1024x1024.jpg 1024w, https:\/\/fondationgenese.org\/wp-content\/uploads\/2024\/01\/GF-Radio_02-150x150.jpg 150w, https:\/\/fondationgenese.org\/wp-content\/uploads\/2024\/01\/GF-Radio_02-768x768.jpg 768w, https:\/\/fondationgenese.org\/wp-content\/uploads\/2024\/01\/GF-Radio_02-370x370.jpg 370w, https:\/\/fondationgenese.org\/wp-content\/uploads\/2024\/01\/GF-Radio_02-90x90.jpg 90w, https:\/\/fondationgenese.org\/wp-content\/uploads\/2024\/01\/GF-Radio_02-760x760.jpg 760w\" sizes=\"(max-width: 1080px) 100vw, 1080px\" title=\"Qui nous sommes\"><\/a>\n\t\t\t<\/div><\/figure>\n\t\t<\/div>\n\t\t<\/div>\n\t\t\t\t\t\t<\/div>\n\t\t\t\t<\/div>\n\t\t\t\t<\/div>\n\t\t\t\t\t<\/div>\n\t\t\t\t<\/div>\n\t\t<div class=\"elementor-element elementor-element-625dc78 e-flex e-con-boxed e-con e-parent\" data-id=\"625dc78\" data-element_type=\"container\" data-e-type=\"container\">\n\t\t\t\t\t<div class=\"e-con-inner\">\n\t\t<div class=\"elementor-element elementor-element-3141d2e e-con-full e-flex e-con e-child\" data-id=\"3141d2e\" data-element_type=\"container\" data-e-type=\"container\">\n\t\t\t\t<div class=\"elementor-element elementor-element-d9cf3b1 elementor-widget elementor-widget-heading\" data-id=\"d9cf3b1\" data-element_type=\"widget\" data-e-type=\"widget\" data-widget_type=\"heading.default\">\n\t\t\t\t<div class=\"elementor-widget-container\">\n\t\t\t\t\t<h2 class=\"elementor-heading-title elementor-size-default\">Notre approche<\/h2>\t\t\t\t<\/div>\n\t\t\t\t<\/div>\n\t\t\t\t<div class=\"elementor-element elementor-element-0e018dc elementor-widget-divider--view-line elementor-widget elementor-widget-divider\" data-id=\"0e018dc\" data-element_type=\"widget\" data-e-type=\"widget\" data-widget_type=\"divider.default\">\n\t\t\t\t<div class=\"elementor-widget-container\">\n\t\t\t\t\t\t\t<div class=\"elementor-divider\">\n\t\t\t<span class=\"elementor-divider-separator\">\n\t\t\t\t\t\t<\/span>\n\t\t<\/div>\n\t\t\t\t\t\t<\/div>\n\t\t\t\t<\/div>\n\t\t<div class=\"elementor-element elementor-element-c010b42 e-con-full e-flex e-con e-child\" data-id=\"c010b42\" data-element_type=\"container\" data-e-type=\"container\">\n\t\t<div class=\"elementor-element elementor-element-0c9b478 e-con-full e-flex e-con e-child\" data-id=\"0c9b478\" data-element_type=\"container\" data-e-type=\"container\">\n\t\t\t\t<div class=\"elementor-element elementor-element-ec1bb64 elementor-widget elementor-widget-heading\" data-id=\"ec1bb64\" data-element_type=\"widget\" data-e-type=\"widget\" data-widget_type=\"heading.default\">\n\t\t\t\t<div class=\"elementor-widget-container\">\n\t\t\t\t\t<h6 class=\"elementor-heading-title elementor-size-default\">Notre Mission<\/h6>\t\t\t\t<\/div>\n\t\t\t\t<\/div>\n\t\t\t\t<div class=\"elementor-element elementor-element-cc5fe25 elementor-widget elementor-widget-heading\" data-id=\"cc5fe25\" data-element_type=\"widget\" data-e-type=\"widget\" data-widget_type=\"heading.default\">\n\t\t\t\t<div class=\"elementor-widget-container\">\n\t\t\t\t\t<h5 class=\"elementor-heading-title elementor-size-default\">La Fondation GENESE (GF) a pour objectif de soutenir ses membres ainsi que la population (en g\u00e9n\u00e9ral) dans le d\u00e9veloppement de leur foi en J\u00e9sus\u2011Christ, conform\u00e9ment \u00e0 la Bible.<\/h5>\t\t\t\t<\/div>\n\t\t\t\t<\/div>\n\t\t\t\t<div class=\"elementor-element elementor-element-11b1ba6 elementor-widget elementor-widget-text-editor\" data-id=\"11b1ba6\" data-element_type=\"widget\" data-e-type=\"widget\" data-widget_type=\"text-editor.default\">\n\t\t\t\t<div class=\"elementor-widget-container\">\n\t\t\t\t\t\t\t\t\t<p data-start=\"405\" data-end=\"458\">Le fondement primaire de la GF repose sur l\u2019amour de Dieu pour Ses enfants en J\u00e9sus\u2011Christ, ainsi que sur l\u2019amour que nous avons les uns pour les autres et pour notre prochain.<\/p><p data-start=\"405\" data-end=\"458\">La mission de la GF s\u2019inspire d\u2019un passage de la Bible\u202f:<\/p><p data-start=\"460\" data-end=\"602\">J\u00e9r\u00e9mie 1:10 \u2014 \"Regarde, je t'\u00e9tablis aujourd'hui sur les nations et contre les royaumes, pour que tu arraches et que tu abattes, pour que tu fasses p\u00e9rir et que tu d\u00e9truises, pour que tu b\u00e2tisses et que tu plantes.\" <a href=\"https:\/\/fondationgenese.org\/fr\/mission\/\">LIRE PLUS<\/a><\/p>\t\t\t\t\t\t\t\t<\/div>\n\t\t\t\t<\/div>\n\t\t\t\t<\/div>\n\t\t<div class=\"elementor-element elementor-element-fd41ae4 e-con-full e-flex e-con e-child\" data-id=\"fd41ae4\" data-element_type=\"container\" data-e-type=\"container\">\n\t\t\t\t<div class=\"elementor-element elementor-element-f1a3283 elementor-widget elementor-widget-heading\" data-id=\"f1a3283\" data-element_type=\"widget\" data-e-type=\"widget\" data-widget_type=\"heading.default\">\n\t\t\t\t<div class=\"elementor-widget-container\">\n\t\t\t\t\t<h6 class=\"elementor-heading-title elementor-size-default\">Notre Vision<\/h6>\t\t\t\t<\/div>\n\t\t\t\t<\/div>\n\t\t\t\t<div class=\"elementor-element elementor-element-2589fa5 elementor-widget elementor-widget-heading\" data-id=\"2589fa5\" data-element_type=\"widget\" data-e-type=\"widget\" data-widget_type=\"heading.default\">\n\t\t\t\t<div class=\"elementor-widget-container\">\n\t\t\t\t\t<h5 class=\"elementor-heading-title elementor-size-default\">Notre vision est de former une g\u00e9n\u00e9ration forte et transform\u00e9e, profond\u00e9ment enracin\u00e9e dans la v\u00e9rit\u00e9 de J\u00e9sus\u2011Christ et rendue capable de la vivre au quotidien.<\/h5>\t\t\t\t<\/div>\n\t\t\t\t<\/div>\n\t\t\t\t<div class=\"elementor-element elementor-element-df5e2a1 elementor-widget elementor-widget-text-editor\" data-id=\"df5e2a1\" data-element_type=\"widget\" data-e-type=\"widget\" data-widget_type=\"text-editor.default\">\n\t\t\t\t<div class=\"elementor-widget-container\">\n\t\t\t\t\t\t\t\t\t<p data-start=\"2902\" data-end=\"3084\">Nous oeuvrons pour un monde o\u00f9 les individus sont lib\u00e9r\u00e9s de la confusion spirituelle, solidement ancr\u00e9s en Christ et contribuent activement au bien de la soci\u00e9t\u00e9 par l\u2019amour, la v\u00e9rit\u00e9 et le sens. <a href=\"https:\/\/fondationgenese.org\/fr\/vision\/\">LIRE PLUS<\/a><\/p>\t\t\t\t\t\t\t\t<\/div>\n\t\t\t\t<\/div>\n\t\t\t\t<\/div>\n\t\t\t\t<\/div>\n\t\t\t\t<\/div>\n\t\t\t\t\t<\/div>\n\t\t\t\t<\/div>\n\t\t\t\t<\/div>","protected":false},"excerpt":{"rendered":"<p>Few words about Who we are GENESE Foundation (GF) is a faith\u2011based non\u2011profit organization established to equip and support individuals who deeply desire to develop a personal relationship with Jesus [&hellip;]<\/p>\n","protected":false},"author":1,"featured_media":0,"parent":0,"menu_order":0,"comment_status":"closed","ping_status":"closed","template":"","meta":{"site-sidebar-layout":"no-sidebar","site-content-layout":"page-builder","ast-site-content-layout":"full-width-container","site-content-style":"unboxed","site-sidebar-style":"unboxed","ast-global-header-display":"","ast-banner-title-visibility":"","ast-main-header-display":"","ast-hfb-above-header-display":"","ast-hfb-below-header-display":"","ast-hfb-mobile-header-display":"","site-post-title":"disabled","ast-breadcrumbs-content":"disabled","ast-featured-img":"disabled","footer-sml-layout":"","ast-disable-related-posts":"","theme-transparent-header-meta":"enabled","adv-header-id-meta":"","stick-header-meta":"","header-above-stick-meta":"","header-main-stick-meta":"","header-below-stick-meta":"","astra-migrate-meta-layouts":"set","ast-page-background-enabled":"default","ast-page-background-meta":{"desktop":{"background-color":"","background-image":"","background-repeat":"repeat","background-position":"center center","background-size":"auto","background-attachment":"scroll","background-type":"","background-media":"","overlay-type":"","overlay-color":"","overlay-opacity":"","overlay-gradient":""},"tablet":{"background-color":"","background-image":"","background-repeat":"repeat","background-position":"center center","background-size":"auto","background-attachment":"scroll","background-type":"","background-media":"","overlay-type":"","overlay-color":"","overlay-opacity":"","overlay-gradient":""},"mobile":{"background-color":"","background-image":"","background-repeat":"repeat","background-position":"center center","background-size":"auto","background-attachment":"scroll","background-type":"","background-media":"","overlay-type":"","overlay-color":"","overlay-opacity":"","overlay-gradient":""}},"ast-content-background-meta":{"desktop":{"background-color":"var(--ast-global-color-5)","background-image":"","background-repeat":"repeat","background-position":"center center","background-size":"auto","background-attachment":"scroll","background-type":"","background-media":"","overlay-type":"","overlay-color":"","overlay-opacity":"","overlay-gradient":""},"tablet":{"background-color":"var(--ast-global-color-5)","background-image":"","background-repeat":"repeat","background-position":"center center","background-size":"auto","background-attachment":"scroll","background-type":"","background-media":"","overlay-type":"","overlay-color":"","overlay-opacity":"","overlay-gradient":""},"mobile":{"background-color":"var(--ast-global-color-5)","background-image":"","background-repeat":"repeat","background-position":"center center","background-size":"auto","background-attachment":"scroll","background-type":"","background-media":"","overlay-type":"","overlay-color":"","overlay-opacity":"","overlay-gradient":""}},"footnotes":""},"class_list":["post-15","page","type-page","status-publish","hentry"],"_links":{"self":[{"href":"https:\/\/fondationgenese.org\/fr\/wp-json\/wp\/v2\/pages\/15","targetHints":{"allow":["GET"]}}],"collection":[{"href":"https:\/\/fondationgenese.org\/fr\/wp-json\/wp\/v2\/pages"}],"about":[{"href":"https:\/\/fondationgenese.org\/fr\/wp-json\/wp\/v2\/types\/page"}],"author":[{"embeddable":true,"href":"https:\/\/fondationgenese.org\/fr\/wp-json\/wp\/v2\/users\/1"}],"replies":[{"embeddable":true,"href":"https:\/\/fondationgenese.org\/fr\/wp-json\/wp\/v2\/comments?post=15"}],"version-history":[{"count":50,"href":"https:\/\/fondationgenese.org\/fr\/wp-json\/wp\/v2\/pages\/15\/revisions"}],"predecessor-version":[{"id":5010,"href":"https:\/\/fondationgenese.org\/fr\/wp-json\/wp\/v2\/pages\/15\/revisions\/5010"}],"wp:attachment":[{"href":"https:\/\/fondationgenese.org\/fr\/wp-json\/wp\/v2\/media?parent=15"}],"curies":[{"name":"wp","href":"https:\/\/api.w.org\/{rel}","templated":true}]}}