{"id":4353,"date":"2026-04-16T12:40:59","date_gmt":"2026-04-16T12:40:59","guid":{"rendered":"https:\/\/fondationgenese.org\/?page_id=4353"},"modified":"2026-05-08T13:04:13","modified_gmt":"2026-05-08T13:04:13","slug":"story","status":"publish","type":"page","link":"https:\/\/fondationgenese.org\/en\/story\/","title":{"rendered":"Story"},"content":{"rendered":"<div data-elementor-type=\"wp-page\" data-elementor-id=\"4353\" class=\"elementor elementor-4353\">\n\t\t\t\t<div class=\"elementor-element elementor-element-92e5250 e-flex e-con-boxed e-con e-parent\" data-id=\"92e5250\" data-element_type=\"container\" data-e-type=\"container\" data-settings=\"{&quot;background_background&quot;:&quot;classic&quot;}\">\n\t\t\t\t\t<div class=\"e-con-inner\">\n\t\t<div class=\"elementor-element elementor-element-e6160e0 e-con-full e-flex e-con e-child\" data-id=\"e6160e0\" data-element_type=\"container\" data-e-type=\"container\">\n\t\t\t\t<div class=\"elementor-element elementor-element-23f312a elementor-widget elementor-widget-heading\" data-id=\"23f312a\" data-element_type=\"widget\" data-e-type=\"widget\" data-widget_type=\"heading.default\">\n\t\t\t\t<div class=\"elementor-widget-container\">\n\t\t\t\t\t<h5 class=\"elementor-heading-title elementor-size-default\">Few words about our<\/h5>\t\t\t\t<\/div>\n\t\t\t\t<\/div>\n\t\t\t\t<\/div>\n\t\t\t\t\t<\/div>\n\t\t\t\t<\/div>\n\t\t<div class=\"elementor-element elementor-element-25231a8 e-flex e-con-boxed e-con e-parent\" data-id=\"25231a8\" data-element_type=\"container\" data-e-type=\"container\" data-settings=\"{&quot;background_background&quot;:&quot;classic&quot;}\">\n\t\t\t\t\t<div class=\"e-con-inner\">\n\t\t<div class=\"elementor-element elementor-element-a265164 e-con-full e-flex e-con e-child\" data-id=\"a265164\" data-element_type=\"container\" data-e-type=\"container\">\n\t\t\t\t<div class=\"elementor-element elementor-element-699f97d elementor-widget elementor-widget-heading\" data-id=\"699f97d\" data-element_type=\"widget\" data-e-type=\"widget\" data-widget_type=\"heading.default\">\n\t\t\t\t<div class=\"elementor-widget-container\">\n\t\t\t\t\t<h2 class=\"elementor-heading-title elementor-size-default\">Story<\/h2>\t\t\t\t<\/div>\n\t\t\t\t<\/div>\n\t\t\t\t<\/div>\n\t\t\t\t\t<\/div>\n\t\t\t\t<\/div>\n\t\t<div class=\"elementor-element elementor-element-629426e e-flex e-con-boxed e-con e-parent\" data-id=\"629426e\" data-element_type=\"container\" data-e-type=\"container\">\n\t\t\t\t\t<div class=\"e-con-inner\">\n\t\t\t\t<div class=\"elementor-element elementor-element-cf21c85 elementor-widget elementor-widget-text-editor\" data-id=\"cf21c85\" data-element_type=\"widget\" data-e-type=\"widget\" data-widget_type=\"text-editor.default\">\n\t\t\t\t<div class=\"elementor-widget-container\">\n\t\t\t\t\t\t\t\t\t<p data-start=\"116\" data-end=\"656\">In January 2012, while I was living in Ghana for work purposes, I (Josiane) was led by Jesus to start a Bible study group in a residence occupied by French-speaking girls in Ghana. About two years later (in January 2014), we decided to organize an evangelization campaign. It was at that point that the need arose to find a name for our group. All the members at the time contributed different ideas. Collectively, we decided to name our group GENESE, an acronym for \u201cG\u00e9n\u00e9ration \u00c9lite du Saint-Esprit\u201d (Elite Generation of the Holy Spirit).<\/p><p data-start=\"658\" data-end=\"947\">GENESE first represents the excellence we aspire to, because we believe that with the Holy Spirit, it is possible to be excellent and perfect. GENESE also represents the beginning\u2014the start of a new era in which the work of Jesus through the Holy Spirit is fully accepted and acknowledged.<\/p><p data-start=\"949\" data-end=\"1180\">The following year, we began the process of officially registering our group as an NGO in Ghana. The process was completed on July 28, 2015. It was during this process that the group was registered under the name GENESE Foundation.<\/p><p data-start=\"1182\" data-end=\"1343\">On November 1, 2022, GENESE Foundation was registered as a non-profit organization in Canada. The registration of GF in Quebec was completed on November 2, 2022.<\/p><p data-start=\"1345\" data-end=\"1412\">Today, GF is involved in and initiates several activities, such as:<\/p><ul data-start=\"1414\" data-end=\"2093\"><li data-section-id=\"10vzfi5\" data-start=\"1414\" data-end=\"1573\">Prayer sessions, Bible sharing, exhortation, and evangelization in person, online, on social media, and through any other available means of communication.<\/li><li data-section-id=\"1y4dlb6\" data-start=\"1574\" data-end=\"1739\">Free distribution of spiritual material in the form of books, posters, audiovisual resources, newspaper articles, and any other accessible and appropriate means.<\/li><li data-section-id=\"bq1fu4\" data-start=\"1740\" data-end=\"1867\">Public events such as training sessions, seminars, conferences, retreats, music production, concert organization, and more.<\/li><li data-section-id=\"fz8cn1\" data-start=\"1868\" data-end=\"1929\">Conferences, testimonies, and sharing in social settings.<\/li><li data-section-id=\"kdp1bd\" data-start=\"1930\" data-end=\"2058\">Social support activities (distribution of various goods donated by members and supporters) and assistance to those in need.<\/li><li data-section-id=\"lfpz0o\" data-start=\"2059\" data-end=\"2093\">Social integration activities.<\/li><\/ul><p data-start=\"2095\" data-end=\"2145\">GF\u2019s activities are aimed at people of all ages.<\/p>\t\t\t\t\t\t\t\t<\/div>\n\t\t\t\t<\/div>\n\t\t\t\t\t<\/div>\n\t\t\t\t<\/div>\n\t\t\t\t<\/div>","protected":false},"excerpt":{"rendered":"<p>Quelques mots \u00e0 propos de notre Histoire En janvier 2012, alors que je vivais au Ghana pour des raisons professionnelles, moi (Josiane), j\u2019ai \u00e9t\u00e9 conduite par J\u00e9sus \u00e0 lancer un [&hellip;]<\/p>\n","protected":false},"author":1,"featured_media":0,"parent":0,"menu_order":0,"comment_status":"closed","ping_status":"closed","template":"","meta":{"site-sidebar-layout":"no-sidebar","site-content-layout":"page-builder","ast-site-content-layout":"full-width-container","site-content-style":"unboxed","site-sidebar-style":"unboxed","ast-global-header-display":"","ast-banner-title-visibility":"","ast-main-header-display":"","ast-hfb-above-header-display":"","ast-hfb-below-header-display":"","ast-hfb-mobile-header-display":"","site-post-title":"disabled","ast-breadcrumbs-content":"disabled","ast-featured-img":"disabled","footer-sml-layout":"","ast-disable-related-posts":"","theme-transparent-header-meta":"enabled","adv-header-id-meta":"","stick-header-meta":"","header-above-stick-meta":"","header-main-stick-meta":"","header-below-stick-meta":"","astra-migrate-meta-layouts":"set","ast-page-background-enabled":"default","ast-page-background-meta":{"desktop":{"background-color":"","background-image":"","background-repeat":"repeat","background-position":"center center","background-size":"auto","background-attachment":"scroll","background-type":"","background-media":"","overlay-type":"","overlay-color":"","overlay-opacity":"","overlay-gradient":""},"tablet":{"background-color":"","background-image":"","background-repeat":"repeat","background-position":"center center","background-size":"auto","background-attachment":"scroll","background-type":"","background-media":"","overlay-type":"","overlay-color":"","overlay-opacity":"","overlay-gradient":""},"mobile":{"background-color":"","background-image":"","background-repeat":"repeat","background-position":"center center","background-size":"auto","background-attachment":"scroll","background-type":"","background-media":"","overlay-type":"","overlay-color":"","overlay-opacity":"","overlay-gradient":""}},"ast-content-background-meta":{"desktop":{"background-color":"var(--ast-global-color-5)","background-image":"","background-repeat":"repeat","background-position":"center center","background-size":"auto","background-attachment":"scroll","background-type":"","background-media":"","overlay-type":"","overlay-color":"","overlay-opacity":"","overlay-gradient":""},"tablet":{"background-color":"var(--ast-global-color-5)","background-image":"","background-repeat":"repeat","background-position":"center center","background-size":"auto","background-attachment":"scroll","background-type":"","background-media":"","overlay-type":"","overlay-color":"","overlay-opacity":"","overlay-gradient":""},"mobile":{"background-color":"var(--ast-global-color-5)","background-image":"","background-repeat":"repeat","background-position":"center center","background-size":"auto","background-attachment":"scroll","background-type":"","background-media":"","overlay-type":"","overlay-color":"","overlay-opacity":"","overlay-gradient":""}},"footnotes":""},"class_list":["post-4353","page","type-page","status-publish","hentry"],"_links":{"self":[{"href":"https:\/\/fondationgenese.org\/en\/wp-json\/wp\/v2\/pages\/4353","targetHints":{"allow":["GET"]}}],"collection":[{"href":"https:\/\/fondationgenese.org\/en\/wp-json\/wp\/v2\/pages"}],"about":[{"href":"https:\/\/fondationgenese.org\/en\/wp-json\/wp\/v2\/types\/page"}],"author":[{"embeddable":true,"href":"https:\/\/fondationgenese.org\/en\/wp-json\/wp\/v2\/users\/1"}],"replies":[{"embeddable":true,"href":"https:\/\/fondationgenese.org\/en\/wp-json\/wp\/v2\/comments?post=4353"}],"version-history":[{"count":15,"href":"https:\/\/fondationgenese.org\/en\/wp-json\/wp\/v2\/pages\/4353\/revisions"}],"predecessor-version":[{"id":5195,"href":"https:\/\/fondationgenese.org\/en\/wp-json\/wp\/v2\/pages\/4353\/revisions\/5195"}],"wp:attachment":[{"href":"https:\/\/fondationgenese.org\/en\/wp-json\/wp\/v2\/media?parent=4353"}],"curies":[{"name":"wp","href":"https:\/\/api.w.org\/{rel}","templated":true}]}}