{"id":4330,"date":"2026-04-16T12:15:44","date_gmt":"2026-04-16T12:15:44","guid":{"rendered":"https:\/\/fondationgenese.org\/?page_id=4330"},"modified":"2026-05-08T10:31:57","modified_gmt":"2026-05-08T10:31:57","slug":"mission","status":"publish","type":"page","link":"https:\/\/fondationgenese.org\/en\/mission\/","title":{"rendered":"Mission"},"content":{"rendered":"<div data-elementor-type=\"wp-page\" data-elementor-id=\"4330\" class=\"elementor elementor-4330\">\n\t\t\t\t<div class=\"elementor-element elementor-element-92e5250 e-flex e-con-boxed e-con e-parent\" data-id=\"92e5250\" data-element_type=\"container\" data-e-type=\"container\" data-settings=\"{&quot;background_background&quot;:&quot;classic&quot;}\">\n\t\t\t\t\t<div class=\"e-con-inner\">\n\t\t<div class=\"elementor-element elementor-element-e6160e0 e-con-full e-flex e-con e-child\" data-id=\"e6160e0\" data-element_type=\"container\" data-e-type=\"container\">\n\t\t\t\t<div class=\"elementor-element elementor-element-23f312a elementor-widget elementor-widget-heading\" data-id=\"23f312a\" data-element_type=\"widget\" data-e-type=\"widget\" data-widget_type=\"heading.default\">\n\t\t\t\t<div class=\"elementor-widget-container\">\n\t\t\t\t\t<h5 class=\"elementor-heading-title elementor-size-default\">Few words about our<\/h5>\t\t\t\t<\/div>\n\t\t\t\t<\/div>\n\t\t\t\t<\/div>\n\t\t\t\t\t<\/div>\n\t\t\t\t<\/div>\n\t\t<div class=\"elementor-element elementor-element-25231a8 e-flex e-con-boxed e-con e-parent\" data-id=\"25231a8\" data-element_type=\"container\" data-e-type=\"container\" data-settings=\"{&quot;background_background&quot;:&quot;classic&quot;}\">\n\t\t\t\t\t<div class=\"e-con-inner\">\n\t\t<div class=\"elementor-element elementor-element-a265164 e-con-full e-flex e-con e-child\" data-id=\"a265164\" data-element_type=\"container\" data-e-type=\"container\">\n\t\t\t\t<div class=\"elementor-element elementor-element-699f97d elementor-widget elementor-widget-heading\" data-id=\"699f97d\" data-element_type=\"widget\" data-e-type=\"widget\" data-widget_type=\"heading.default\">\n\t\t\t\t<div class=\"elementor-widget-container\">\n\t\t\t\t\t<h2 class=\"elementor-heading-title elementor-size-default\">Mission<\/h2>\t\t\t\t<\/div>\n\t\t\t\t<\/div>\n\t\t\t\t<\/div>\n\t\t\t\t\t<\/div>\n\t\t\t\t<\/div>\n\t\t<div class=\"elementor-element elementor-element-629426e e-flex e-con-boxed e-con e-parent\" data-id=\"629426e\" data-element_type=\"container\" data-e-type=\"container\">\n\t\t\t\t\t<div class=\"e-con-inner\">\n\t\t\t\t<div class=\"elementor-element elementor-element-cf21c85 elementor-widget elementor-widget-text-editor\" data-id=\"cf21c85\" data-element_type=\"widget\" data-e-type=\"widget\" data-widget_type=\"text-editor.default\">\n\t\t\t\t<div class=\"elementor-widget-container\">\n\t\t\t\t\t\t\t\t\t<p data-start=\"105\" data-end=\"403\">The GENESE Foundation (GF) aims to support its members as well as the general population in the development of their faith in Jesus Christ, according to the Bible. The foundation of GF is God\u2019s love for His children in Jesus Christ, as well as the love we have for one another and for our neighbor.<\/p><p data-start=\"405\" data-end=\"458\">GF\u2019s mission is inspired by a passage from the Bible:<\/p><p data-start=\"460\" data-end=\"602\">Jeremiah 1:10 \u2014 \u201cSee, today I appoint you over nations and kingdoms to uproot and tear down, to destroy and overthrow, to build and to plant.\u201d<\/p><p data-start=\"604\" data-end=\"627\">Therefore, GF works to:<\/p><ul data-start=\"629\" data-end=\"1439\"><li data-section-id=\"18b8ntb\" data-start=\"629\" data-end=\"866\"><strong data-start=\"631\" data-end=\"642\">Destroy<\/strong> deeply established religious principles and systems whose foundation differs from that of Jesus Christ. We do this by widely spreading the truth of Jesus Christ and urging everyone to cling to Jesus Christ and to Him alone.<\/li><li data-section-id=\"1qnxg06\" data-start=\"868\" data-end=\"1193\"><strong data-start=\"870\" data-end=\"881\">Correct<\/strong> false ideas, theories, and principles that have spread throughout the world and that prevent God\u2019s children from excelling in their daily lives. We work to spread the truth of Jesus Christ so that those who truly desire it are no longer bound to live according to the flesh, and can instead bear abundant fruit.<\/li><li data-section-id=\"1xzgu60\" data-start=\"1195\" data-end=\"1439\"><strong data-start=\"1197\" data-end=\"1206\">Plant<\/strong> a new system founded solely on the truth of the message of Jesus Christ. In doing so, a strong and solid generation will emerge\u2014one that loves Jesus Christ and is willing to contribute to the good of all by walking in His footsteps.<\/li><\/ul><p data-start=\"1441\" data-end=\"1521\">To achieve these goals, GF engages in and initiates various activities, such as:<\/p><ul data-start=\"1523\" data-end=\"2158\"><li data-section-id=\"1lllhs0\" data-start=\"1523\" data-end=\"1677\">Prayer sessions, Bible discussions, exhortation, and evangelism, in person, online, on social media, and through all available means of communication.<\/li><li data-section-id=\"1mxjru1\" data-start=\"1678\" data-end=\"1833\">Free distribution of spiritual materials such as books, posters, audiovisual resources, newspaper articles, and other accessible and appropriate media.<\/li><li data-section-id=\"1cwhnsq\" data-start=\"1834\" data-end=\"1941\">Public events such as trainings, seminars, conferences, retreats, music production, concerts, and more.<\/li><li data-section-id=\"o9eigg\" data-start=\"1942\" data-end=\"2012\">Conferences, testimonies, and sharing sessions in social settings.<\/li><li data-section-id=\"1rj0v4g\" data-start=\"2013\" data-end=\"2123\">Social support activities (distribution of goods donated by members and supporters) to help those in need.<\/li><li data-section-id=\"lfpz0o\" data-start=\"2124\" data-end=\"2158\">Social integration activities.<\/li><\/ul><p data-start=\"2160\" data-end=\"2208\">GF\u2019s activities are aimed at people of all ages.<\/p>\t\t\t\t\t\t\t\t<\/div>\n\t\t\t\t<\/div>\n\t\t\t\t\t<\/div>\n\t\t\t\t<\/div>\n\t\t\t\t<\/div>","protected":false},"excerpt":{"rendered":"<p>Quelques mots \u00e0 propos de notre Mission La Fondation GENESE (GF) a pour mission de soutenir ses membres ainsi que la population en g\u00e9n\u00e9ral dans le d\u00e9veloppement de leur foi [&hellip;]<\/p>\n","protected":false},"author":1,"featured_media":0,"parent":0,"menu_order":0,"comment_status":"closed","ping_status":"closed","template":"","meta":{"site-sidebar-layout":"no-sidebar","site-content-layout":"page-builder","ast-site-content-layout":"full-width-container","site-content-style":"unboxed","site-sidebar-style":"unboxed","ast-global-header-display":"","ast-banner-title-visibility":"","ast-main-header-display":"","ast-hfb-above-header-display":"","ast-hfb-below-header-display":"","ast-hfb-mobile-header-display":"","site-post-title":"disabled","ast-breadcrumbs-content":"disabled","ast-featured-img":"disabled","footer-sml-layout":"","ast-disable-related-posts":"","theme-transparent-header-meta":"enabled","adv-header-id-meta":"","stick-header-meta":"","header-above-stick-meta":"","header-main-stick-meta":"","header-below-stick-meta":"","astra-migrate-meta-layouts":"set","ast-page-background-enabled":"default","ast-page-background-meta":{"desktop":{"background-color":"","background-image":"","background-repeat":"repeat","background-position":"center center","background-size":"auto","background-attachment":"scroll","background-type":"","background-media":"","overlay-type":"","overlay-color":"","overlay-opacity":"","overlay-gradient":""},"tablet":{"background-color":"","background-image":"","background-repeat":"repeat","background-position":"center center","background-size":"auto","background-attachment":"scroll","background-type":"","background-media":"","overlay-type":"","overlay-color":"","overlay-opacity":"","overlay-gradient":""},"mobile":{"background-color":"","background-image":"","background-repeat":"repeat","background-position":"center center","background-size":"auto","background-attachment":"scroll","background-type":"","background-media":"","overlay-type":"","overlay-color":"","overlay-opacity":"","overlay-gradient":""}},"ast-content-background-meta":{"desktop":{"background-color":"var(--ast-global-color-5)","background-image":"","background-repeat":"repeat","background-position":"center center","background-size":"auto","background-attachment":"scroll","background-type":"","background-media":"","overlay-type":"","overlay-color":"","overlay-opacity":"","overlay-gradient":""},"tablet":{"background-color":"var(--ast-global-color-5)","background-image":"","background-repeat":"repeat","background-position":"center center","background-size":"auto","background-attachment":"scroll","background-type":"","background-media":"","overlay-type":"","overlay-color":"","overlay-opacity":"","overlay-gradient":""},"mobile":{"background-color":"var(--ast-global-color-5)","background-image":"","background-repeat":"repeat","background-position":"center center","background-size":"auto","background-attachment":"scroll","background-type":"","background-media":"","overlay-type":"","overlay-color":"","overlay-opacity":"","overlay-gradient":""}},"footnotes":""},"class_list":["post-4330","page","type-page","status-publish","hentry"],"_links":{"self":[{"href":"https:\/\/fondationgenese.org\/en\/wp-json\/wp\/v2\/pages\/4330","targetHints":{"allow":["GET"]}}],"collection":[{"href":"https:\/\/fondationgenese.org\/en\/wp-json\/wp\/v2\/pages"}],"about":[{"href":"https:\/\/fondationgenese.org\/en\/wp-json\/wp\/v2\/types\/page"}],"author":[{"embeddable":true,"href":"https:\/\/fondationgenese.org\/en\/wp-json\/wp\/v2\/users\/1"}],"replies":[{"embeddable":true,"href":"https:\/\/fondationgenese.org\/en\/wp-json\/wp\/v2\/comments?post=4330"}],"version-history":[{"count":13,"href":"https:\/\/fondationgenese.org\/en\/wp-json\/wp\/v2\/pages\/4330\/revisions"}],"predecessor-version":[{"id":5191,"href":"https:\/\/fondationgenese.org\/en\/wp-json\/wp\/v2\/pages\/4330\/revisions\/5191"}],"wp:attachment":[{"href":"https:\/\/fondationgenese.org\/en\/wp-json\/wp\/v2\/media?parent=4330"}],"curies":[{"name":"wp","href":"https:\/\/api.w.org\/{rel}","templated":true}]}}