{"id":15,"date":"2026-04-12T22:32:11","date_gmt":"2026-04-12T22:32:11","guid":{"rendered":"https:\/\/fondationgenese.org\/about"},"modified":"2026-05-08T10:09:51","modified_gmt":"2026-05-08T10:09:51","slug":"who-we-are","status":"publish","type":"page","link":"https:\/\/fondationgenese.org\/en\/who-we-are\/","title":{"rendered":"Who we are"},"content":{"rendered":"<div data-elementor-type=\"wp-page\" data-elementor-id=\"15\" class=\"elementor elementor-15\">\n\t\t\t\t<div class=\"elementor-element elementor-element-92e5250 e-flex e-con-boxed e-con e-parent\" data-id=\"92e5250\" data-element_type=\"container\" data-e-type=\"container\" data-settings=\"{&quot;background_background&quot;:&quot;classic&quot;}\">\n\t\t\t\t\t<div class=\"e-con-inner\">\n\t\t<div class=\"elementor-element elementor-element-e6160e0 e-con-full e-flex e-con e-child\" data-id=\"e6160e0\" data-element_type=\"container\" data-e-type=\"container\">\n\t\t\t\t<div class=\"elementor-element elementor-element-ad99d15 elementor-widget elementor-widget-heading\" data-id=\"ad99d15\" data-element_type=\"widget\" data-e-type=\"widget\" data-widget_type=\"heading.default\">\n\t\t\t\t<div class=\"elementor-widget-container\">\n\t\t\t\t\t<h5 class=\"elementor-heading-title elementor-size-default\">Few words about<\/h5>\t\t\t\t<\/div>\n\t\t\t\t<\/div>\n\t\t\t\t<\/div>\n\t\t\t\t\t<\/div>\n\t\t\t\t<\/div>\n\t\t<div class=\"elementor-element elementor-element-25231a8 e-flex e-con-boxed e-con e-parent\" data-id=\"25231a8\" data-element_type=\"container\" data-e-type=\"container\" data-settings=\"{&quot;background_background&quot;:&quot;classic&quot;}\">\n\t\t\t\t\t<div class=\"e-con-inner\">\n\t\t<div class=\"elementor-element elementor-element-a265164 e-con-full e-flex e-con e-child\" data-id=\"a265164\" data-element_type=\"container\" data-e-type=\"container\">\n\t\t\t\t<div class=\"elementor-element elementor-element-699f97d elementor-widget elementor-widget-heading\" data-id=\"699f97d\" data-element_type=\"widget\" data-e-type=\"widget\" data-widget_type=\"heading.default\">\n\t\t\t\t<div class=\"elementor-widget-container\">\n\t\t\t\t\t<h2 class=\"elementor-heading-title elementor-size-default\">Who we are<\/h2>\t\t\t\t<\/div>\n\t\t\t\t<\/div>\n\t\t<div class=\"elementor-element elementor-element-731f577 e-con-full e-flex e-con e-child\" data-id=\"731f577\" data-element_type=\"container\" data-e-type=\"container\">\n\t\t\t\t<div class=\"elementor-element elementor-element-c9ad093 elementor-widget elementor-widget-heading\" data-id=\"c9ad093\" data-element_type=\"widget\" data-e-type=\"widget\" data-widget_type=\"heading.default\">\n\t\t\t\t<div class=\"elementor-widget-container\">\n\t\t\t\t\t<h5 class=\"elementor-heading-title elementor-size-default\">GENESE Foundation (GF) is a faith\u2011based non\u2011profit organization established to equip and support individuals who deeply desire to develop a personal relationship with Jesus Christ.<\/h5>\t\t\t\t<\/div>\n\t\t\t\t<\/div>\n\t\t\t\t<\/div>\n\t\t<div class=\"elementor-element elementor-element-e8cdcc5 e-con-full e-flex e-con e-child\" data-id=\"e8cdcc5\" data-element_type=\"container\" data-e-type=\"container\">\n\t\t<div class=\"elementor-element elementor-element-83e0b78 e-con-full e-flex e-con e-child\" data-id=\"83e0b78\" data-element_type=\"container\" data-e-type=\"container\">\n\t\t\t\t<div class=\"elementor-element elementor-element-3811c9c elementor-widget elementor-widget-text-editor\" data-id=\"3811c9c\" data-element_type=\"widget\" data-e-type=\"widget\" data-widget_type=\"text-editor.default\">\n\t\t\t\t<div class=\"elementor-widget-container\">\n\t\t\t\t\t\t\t\t\t<p>GENESE Foundation <strong>(GF)<\/strong> GENESE Foundation (GF) began in 2012 as a simple Bible study group in Ghana. It was born out of a deep desire to raise a generation firmly rooted in Truth, led by the Holy Spirit, and committed to a life of excellence. The name GENESE comes from the French \u201cG\u00e9n\u00e9ration \u00c9lite du Saint-Esprit\u201d \u2013 Elite Generation of the Holy Spirit. It fully reflects both our identity and our calling: to pursue spiritual excellence and to walk in alignment with God\u2019s divine purpose by accepting the leadership of the Holy spirit in our lives everyday.<br \/><span style=\"font-weight: 400;\"><br \/>GF was officially registered in Ghana in 2015, and later in Canada (Quebec) in 2022. By the grace of Jesus Christ, GF has grown into a vibrant, multi\u2011continental community, reaching and impacting people across cultures and generations.<\/span><\/p>\t\t\t\t\t\t\t\t<\/div>\n\t\t\t\t<\/div>\n\t\t\t\t<\/div>\n\t\t<div class=\"elementor-element elementor-element-4b1f999 e-con-full e-flex e-con e-child\" data-id=\"4b1f999\" data-element_type=\"container\" data-e-type=\"container\">\n\t\t\t\t<div class=\"elementor-element elementor-element-706fd07 elementor-widget elementor-widget-text-editor\" data-id=\"706fd07\" data-element_type=\"widget\" data-e-type=\"widget\" data-widget_type=\"text-editor.default\">\n\t\t\t\t<div class=\"elementor-widget-container\">\n\t\t\t\t\t\t\t\t\t<p>We believe that Jesus Christ is the Son of God and our Savior, and that He is alive and active through the Holy Spirit in every person who gives their life to Him. Through Jesus, we become children of God, sin is indefinitely removed from us, and new life begins. We live under the New Covenant established by Christ, walking in the grace He inaugurated, and no longer under the Law of Moses (the Old Covenant). As children of God, we are called to grow each day, pursue excellence in every part of our lives, and walk in the freedom found in Christ.<br \/><br \/><span style=\"font-weight: 400;\">We believe that God gives freely by grace, and in His image, we choose to always give freely. We do not place any financial pressure on our visitors, nor do we receive tithes. Instead, we trust Jesus to provide for every need by touching the hearts of those who, because they feel blessed, freely choose to fund our activities.<\/span><br \/><br \/><\/p><p>\u00a0<\/p>\t\t\t\t\t\t\t\t<\/div>\n\t\t\t\t<\/div>\n\t\t\t\t<\/div>\n\t\t\t\t<\/div>\n\t\t\t\t<\/div>\n\t\t\t\t\t<\/div>\n\t\t\t\t<\/div>\n\t\t<div class=\"elementor-element elementor-element-830fd40 e-flex e-con-boxed e-con e-parent\" data-id=\"830fd40\" data-element_type=\"container\" data-e-type=\"container\">\n\t\t\t\t\t<div class=\"e-con-inner\">\n\t\t<div class=\"elementor-element elementor-element-c27a57c e-con-full e-flex e-con e-child\" data-id=\"c27a57c\" data-element_type=\"container\" data-e-type=\"container\">\n\t\t\t\t<div class=\"elementor-element elementor-element-58eb583 gallery-spacing-custom elementor-widget elementor-widget-image-gallery\" data-id=\"58eb583\" data-element_type=\"widget\" data-e-type=\"widget\" data-widget_type=\"image-gallery.default\">\n\t\t\t\t<div class=\"elementor-widget-container\">\n\t\t\t\t\t\t\t<div class=\"elementor-image-gallery\">\n\t\t\t<div id='gallery-1' class='gallery galleryid-15 gallery-columns-3 gallery-size-full'><figure class='gallery-item'>\n\t\t\t<div class='gallery-icon landscape'>\n\t\t\t\t<a data-elementor-open-lightbox=\"yes\" data-elementor-lightbox-slideshow=\"58eb583\" data-elementor-lightbox-title=\"Rencontre Mensuelle de GF2\" data-e-action-hash=\"#elementor-action%3Aaction%3Dlightbox%26settings%3DeyJpZCI6MzcxOSwidXJsIjoiaHR0cHM6XC9cL2ZvbmRhdGlvbmdlbmVzZS5vcmdcL3dwLWNvbnRlbnRcL3VwbG9hZHNcLzIwMjRcLzAzXC9SZW5jb250cmUtTWVuc3VlbGxlLWRlLUdGMi5qcGciLCJzbGlkZXNob3ciOiI1OGViNTgzIn0%3D\" href='https:\/\/fondationgenese.org\/wp-content\/uploads\/2024\/03\/Rencontre-Mensuelle-de-GF2.jpg'><img fetchpriority=\"high\" decoding=\"async\" width=\"1080\" height=\"1080\" src=\"https:\/\/fondationgenese.org\/wp-content\/uploads\/2024\/03\/Rencontre-Mensuelle-de-GF2.jpg\" class=\"attachment-full size-full\" alt=\"Rencontre Mensuelle De GF2\" srcset=\"https:\/\/fondationgenese.org\/wp-content\/uploads\/2024\/03\/Rencontre-Mensuelle-de-GF2.jpg 1080w, https:\/\/fondationgenese.org\/wp-content\/uploads\/2024\/03\/Rencontre-Mensuelle-de-GF2-300x300.jpg 300w, https:\/\/fondationgenese.org\/wp-content\/uploads\/2024\/03\/Rencontre-Mensuelle-de-GF2-1024x1024.jpg 1024w, https:\/\/fondationgenese.org\/wp-content\/uploads\/2024\/03\/Rencontre-Mensuelle-de-GF2-150x150.jpg 150w, https:\/\/fondationgenese.org\/wp-content\/uploads\/2024\/03\/Rencontre-Mensuelle-de-GF2-768x768.jpg 768w, https:\/\/fondationgenese.org\/wp-content\/uploads\/2024\/03\/Rencontre-Mensuelle-de-GF2-370x370.jpg 370w, https:\/\/fondationgenese.org\/wp-content\/uploads\/2024\/03\/Rencontre-Mensuelle-de-GF2-90x90.jpg 90w, https:\/\/fondationgenese.org\/wp-content\/uploads\/2024\/03\/Rencontre-Mensuelle-de-GF2-760x760.jpg 760w\" sizes=\"(max-width: 1080px) 100vw, 1080px\" title=\"Who we are\"><\/a>\n\t\t\t<\/div><\/figure><figure class='gallery-item'>\n\t\t\t<div class='gallery-icon landscape'>\n\t\t\t\t<a data-elementor-open-lightbox=\"yes\" data-elementor-lightbox-slideshow=\"58eb583\" data-elementor-lightbox-title=\"1.png\" data-e-action-hash=\"#elementor-action%3Aaction%3Dlightbox%26settings%3DeyJpZCI6MzQ0MywidXJsIjoiaHR0cHM6XC9cL2ZvbmRhdGlvbmdlbmVzZS5vcmdcL3dwLWNvbnRlbnRcL3VwbG9hZHNcLzIwMjRcLzAxXC8xLnBuZy5qcGciLCJzbGlkZXNob3ciOiI1OGViNTgzIn0%3D\" href='https:\/\/fondationgenese.org\/wp-content\/uploads\/2024\/01\/1.png.jpg'><img decoding=\"async\" width=\"1080\" height=\"1080\" src=\"https:\/\/fondationgenese.org\/wp-content\/uploads\/2024\/01\/1.png.jpg\" class=\"attachment-full size-full\" alt=\"1.png\" srcset=\"https:\/\/fondationgenese.org\/wp-content\/uploads\/2024\/01\/1.png.jpg 1080w, https:\/\/fondationgenese.org\/wp-content\/uploads\/2024\/01\/1.png-300x300.jpg 300w, https:\/\/fondationgenese.org\/wp-content\/uploads\/2024\/01\/1.png-1024x1024.jpg 1024w, https:\/\/fondationgenese.org\/wp-content\/uploads\/2024\/01\/1.png-150x150.jpg 150w, https:\/\/fondationgenese.org\/wp-content\/uploads\/2024\/01\/1.png-768x768.jpg 768w, https:\/\/fondationgenese.org\/wp-content\/uploads\/2024\/01\/1.png-370x370.jpg 370w, https:\/\/fondationgenese.org\/wp-content\/uploads\/2024\/01\/1.png-90x90.jpg 90w, https:\/\/fondationgenese.org\/wp-content\/uploads\/2024\/01\/1.png-760x760.jpg 760w\" sizes=\"(max-width: 1080px) 100vw, 1080px\" title=\"Who we are\"><\/a>\n\t\t\t<\/div><\/figure><figure class='gallery-item'>\n\t\t\t<div class='gallery-icon landscape'>\n\t\t\t\t<a data-elementor-open-lightbox=\"yes\" data-elementor-lightbox-slideshow=\"58eb583\" data-elementor-lightbox-title=\"GF Radio_02\" data-e-action-hash=\"#elementor-action%3Aaction%3Dlightbox%26settings%3DeyJpZCI6MzY1NCwidXJsIjoiaHR0cHM6XC9cL2ZvbmRhdGlvbmdlbmVzZS5vcmdcL3dwLWNvbnRlbnRcL3VwbG9hZHNcLzIwMjRcLzAxXC9HRi1SYWRpb18wMi5qcGciLCJzbGlkZXNob3ciOiI1OGViNTgzIn0%3D\" href='https:\/\/fondationgenese.org\/wp-content\/uploads\/2024\/01\/GF-Radio_02.jpg'><img decoding=\"async\" width=\"1080\" height=\"1080\" src=\"https:\/\/fondationgenese.org\/wp-content\/uploads\/2024\/01\/GF-Radio_02.jpg\" class=\"attachment-full size-full\" alt=\"GF Radio 02\" srcset=\"https:\/\/fondationgenese.org\/wp-content\/uploads\/2024\/01\/GF-Radio_02.jpg 1080w, https:\/\/fondationgenese.org\/wp-content\/uploads\/2024\/01\/GF-Radio_02-300x300.jpg 300w, https:\/\/fondationgenese.org\/wp-content\/uploads\/2024\/01\/GF-Radio_02-1024x1024.jpg 1024w, https:\/\/fondationgenese.org\/wp-content\/uploads\/2024\/01\/GF-Radio_02-150x150.jpg 150w, https:\/\/fondationgenese.org\/wp-content\/uploads\/2024\/01\/GF-Radio_02-768x768.jpg 768w, https:\/\/fondationgenese.org\/wp-content\/uploads\/2024\/01\/GF-Radio_02-370x370.jpg 370w, https:\/\/fondationgenese.org\/wp-content\/uploads\/2024\/01\/GF-Radio_02-90x90.jpg 90w, https:\/\/fondationgenese.org\/wp-content\/uploads\/2024\/01\/GF-Radio_02-760x760.jpg 760w\" sizes=\"(max-width: 1080px) 100vw, 1080px\" title=\"Who we are\"><\/a>\n\t\t\t<\/div><\/figure>\n\t\t<\/div>\n\t\t<\/div>\n\t\t\t\t\t\t<\/div>\n\t\t\t\t<\/div>\n\t\t\t\t<\/div>\n\t\t\t\t\t<\/div>\n\t\t\t\t<\/div>\n\t\t<div class=\"elementor-element elementor-element-625dc78 e-flex e-con-boxed e-con e-parent\" data-id=\"625dc78\" data-element_type=\"container\" data-e-type=\"container\">\n\t\t\t\t\t<div class=\"e-con-inner\">\n\t\t<div class=\"elementor-element elementor-element-3141d2e e-con-full e-flex e-con e-child\" data-id=\"3141d2e\" data-element_type=\"container\" data-e-type=\"container\">\n\t\t\t\t<div class=\"elementor-element elementor-element-d9cf3b1 elementor-widget elementor-widget-heading\" data-id=\"d9cf3b1\" data-element_type=\"widget\" data-e-type=\"widget\" data-widget_type=\"heading.default\">\n\t\t\t\t<div class=\"elementor-widget-container\">\n\t\t\t\t\t<h2 class=\"elementor-heading-title elementor-size-default\">Our approach<\/h2>\t\t\t\t<\/div>\n\t\t\t\t<\/div>\n\t\t\t\t<div class=\"elementor-element elementor-element-0e018dc elementor-widget-divider--view-line elementor-widget elementor-widget-divider\" data-id=\"0e018dc\" data-element_type=\"widget\" data-e-type=\"widget\" data-widget_type=\"divider.default\">\n\t\t\t\t<div class=\"elementor-widget-container\">\n\t\t\t\t\t\t\t<div class=\"elementor-divider\">\n\t\t\t<span class=\"elementor-divider-separator\">\n\t\t\t\t\t\t<\/span>\n\t\t<\/div>\n\t\t\t\t\t\t<\/div>\n\t\t\t\t<\/div>\n\t\t<div class=\"elementor-element elementor-element-c010b42 e-con-full e-flex e-con e-child\" data-id=\"c010b42\" data-element_type=\"container\" data-e-type=\"container\">\n\t\t<div class=\"elementor-element elementor-element-0c9b478 e-con-full e-flex e-con e-child\" data-id=\"0c9b478\" data-element_type=\"container\" data-e-type=\"container\">\n\t\t\t\t<div class=\"elementor-element elementor-element-ec1bb64 elementor-widget elementor-widget-heading\" data-id=\"ec1bb64\" data-element_type=\"widget\" data-e-type=\"widget\" data-widget_type=\"heading.default\">\n\t\t\t\t<div class=\"elementor-widget-container\">\n\t\t\t\t\t<h6 class=\"elementor-heading-title elementor-size-default\">Our mission<\/h6>\t\t\t\t<\/div>\n\t\t\t\t<\/div>\n\t\t\t\t<div class=\"elementor-element elementor-element-cc5fe25 elementor-widget elementor-widget-heading\" data-id=\"cc5fe25\" data-element_type=\"widget\" data-e-type=\"widget\" data-widget_type=\"heading.default\">\n\t\t\t\t<div class=\"elementor-widget-container\">\n\t\t\t\t\t<h5 class=\"elementor-heading-title elementor-size-default\">The GENESE Foundation (GF) aims to support its members as well as the general population in the development of their faith in Jesus Christ, according to the Bible<\/h5>\t\t\t\t<\/div>\n\t\t\t\t<\/div>\n\t\t\t\t<div class=\"elementor-element elementor-element-11b1ba6 elementor-widget elementor-widget-text-editor\" data-id=\"11b1ba6\" data-element_type=\"widget\" data-e-type=\"widget\" data-widget_type=\"text-editor.default\">\n\t\t\t\t<div class=\"elementor-widget-container\">\n\t\t\t\t\t\t\t\t\t<p><span style=\"font-weight: 400;\">The GENESE Foundation (GF) aims to support its members as well as the general population in the development of their faith in Jesus Christ, according to the Bible<\/span><\/p><p><span style=\"font-weight: 400;\">The foundation of GF is God\u2019s love for His children in Jesus Christ, as well as the love we have for one another and for our neighbor.<\/span><\/p><p><span style=\"font-weight: 400;\">GF\u2019s mission is inspired by a passage from the Bible:<\/span><\/p><p><span style=\"font-weight: 400;\">Jeremiah 1:10 \u2014 \u201cSee, today I appoint you over nations and kingdoms to uproot and tear down, to destroy and overthrow, to build and to plant.\u201d<br \/><\/span><br \/><a href=\"https:\/\/fondationgenese.org\/en\/mission\/\">READ MORE<\/a><\/p>\t\t\t\t\t\t\t\t<\/div>\n\t\t\t\t<\/div>\n\t\t\t\t<\/div>\n\t\t<div class=\"elementor-element elementor-element-fd41ae4 e-con-full e-flex e-con e-child\" data-id=\"fd41ae4\" data-element_type=\"container\" data-e-type=\"container\">\n\t\t\t\t<div class=\"elementor-element elementor-element-f1a3283 elementor-widget elementor-widget-heading\" data-id=\"f1a3283\" data-element_type=\"widget\" data-e-type=\"widget\" data-widget_type=\"heading.default\">\n\t\t\t\t<div class=\"elementor-widget-container\">\n\t\t\t\t\t<h6 class=\"elementor-heading-title elementor-size-default\">Our Vision<\/h6>\t\t\t\t<\/div>\n\t\t\t\t<\/div>\n\t\t\t\t<div class=\"elementor-element elementor-element-2589fa5 elementor-widget elementor-widget-heading\" data-id=\"2589fa5\" data-element_type=\"widget\" data-e-type=\"widget\" data-widget_type=\"heading.default\">\n\t\t\t\t<div class=\"elementor-widget-container\">\n\t\t\t\t\t<h5 class=\"elementor-heading-title elementor-size-default\">Our vision is to raise a strong and transformed generation that is deeply rooted in the truth of Jesus Christ and empowered to live it out daily.<\/h5>\t\t\t\t<\/div>\n\t\t\t\t<\/div>\n\t\t\t\t<div class=\"elementor-element elementor-element-df5e2a1 elementor-widget elementor-widget-text-editor\" data-id=\"df5e2a1\" data-element_type=\"widget\" data-e-type=\"widget\" data-widget_type=\"text-editor.default\">\n\t\t\t\t<div class=\"elementor-widget-container\">\n\t\t\t\t\t\t\t\t\t<p><span style=\"font-weight: 400;\">We work towards a world where individuals are freed from spiritual confusion, firmly rooted in Christ, and actively contribute to the good of society through love, truth, and meaning.<\/span><\/p><p data-start=\"2902\" data-end=\"3084\"><a href=\"https:\/\/fondationgenese.org\/en\/vision\/\">READ MORE<\/a><\/p>\t\t\t\t\t\t\t\t<\/div>\n\t\t\t\t<\/div>\n\t\t\t\t<\/div>\n\t\t\t\t<\/div>\n\t\t\t\t<\/div>\n\t\t\t\t\t<\/div>\n\t\t\t\t<\/div>\n\t\t\t\t<\/div>","protected":false},"excerpt":{"rendered":"<p>Quelques mots \u00e0 propos de Qui nous sommes GENESE Foundation (GF) est une organisation \u00e0 but non lucratif et \u00e0 vocation spirituelle, \u00e9tablie pour \u00e9quiper et soutenir les personnes qui [&hellip;]<\/p>\n","protected":false},"author":1,"featured_media":0,"parent":0,"menu_order":0,"comment_status":"closed","ping_status":"closed","template":"","meta":{"site-sidebar-layout":"no-sidebar","site-content-layout":"page-builder","ast-site-content-layout":"full-width-container","site-content-style":"unboxed","site-sidebar-style":"unboxed","ast-global-header-display":"","ast-banner-title-visibility":"","ast-main-header-display":"","ast-hfb-above-header-display":"","ast-hfb-below-header-display":"","ast-hfb-mobile-header-display":"","site-post-title":"disabled","ast-breadcrumbs-content":"disabled","ast-featured-img":"disabled","footer-sml-layout":"","ast-disable-related-posts":"","theme-transparent-header-meta":"enabled","adv-header-id-meta":"","stick-header-meta":"","header-above-stick-meta":"","header-main-stick-meta":"","header-below-stick-meta":"","astra-migrate-meta-layouts":"set","ast-page-background-enabled":"default","ast-page-background-meta":{"desktop":{"background-color":"","background-image":"","background-repeat":"repeat","background-position":"center center","background-size":"auto","background-attachment":"scroll","background-type":"","background-media":"","overlay-type":"","overlay-color":"","overlay-opacity":"","overlay-gradient":""},"tablet":{"background-color":"","background-image":"","background-repeat":"repeat","background-position":"center center","background-size":"auto","background-attachment":"scroll","background-type":"","background-media":"","overlay-type":"","overlay-color":"","overlay-opacity":"","overlay-gradient":""},"mobile":{"background-color":"","background-image":"","background-repeat":"repeat","background-position":"center center","background-size":"auto","background-attachment":"scroll","background-type":"","background-media":"","overlay-type":"","overlay-color":"","overlay-opacity":"","overlay-gradient":""}},"ast-content-background-meta":{"desktop":{"background-color":"var(--ast-global-color-5)","background-image":"","background-repeat":"repeat","background-position":"center center","background-size":"auto","background-attachment":"scroll","background-type":"","background-media":"","overlay-type":"","overlay-color":"","overlay-opacity":"","overlay-gradient":""},"tablet":{"background-color":"var(--ast-global-color-5)","background-image":"","background-repeat":"repeat","background-position":"center center","background-size":"auto","background-attachment":"scroll","background-type":"","background-media":"","overlay-type":"","overlay-color":"","overlay-opacity":"","overlay-gradient":""},"mobile":{"background-color":"var(--ast-global-color-5)","background-image":"","background-repeat":"repeat","background-position":"center center","background-size":"auto","background-attachment":"scroll","background-type":"","background-media":"","overlay-type":"","overlay-color":"","overlay-opacity":"","overlay-gradient":""}},"footnotes":""},"class_list":["post-15","page","type-page","status-publish","hentry"],"_links":{"self":[{"href":"https:\/\/fondationgenese.org\/en\/wp-json\/wp\/v2\/pages\/15","targetHints":{"allow":["GET"]}}],"collection":[{"href":"https:\/\/fondationgenese.org\/en\/wp-json\/wp\/v2\/pages"}],"about":[{"href":"https:\/\/fondationgenese.org\/en\/wp-json\/wp\/v2\/types\/page"}],"author":[{"embeddable":true,"href":"https:\/\/fondationgenese.org\/en\/wp-json\/wp\/v2\/users\/1"}],"replies":[{"embeddable":true,"href":"https:\/\/fondationgenese.org\/en\/wp-json\/wp\/v2\/comments?post=15"}],"version-history":[{"count":56,"href":"https:\/\/fondationgenese.org\/en\/wp-json\/wp\/v2\/pages\/15\/revisions"}],"predecessor-version":[{"id":5187,"href":"https:\/\/fondationgenese.org\/en\/wp-json\/wp\/v2\/pages\/15\/revisions\/5187"}],"wp:attachment":[{"href":"https:\/\/fondationgenese.org\/en\/wp-json\/wp\/v2\/media?parent=15"}],"curies":[{"name":"wp","href":"https:\/\/api.w.org\/{rel}","templated":true}]}}